{"id":14208,"date":"2016-05-17T10:17:08","date_gmt":"2016-05-17T10:17:08","guid":{"rendered":"http:\/\/innovalia.org\/?page_id=14208"},"modified":"2020-01-10T12:04:14","modified_gmt":"2020-01-10T12:04:14","slug":"events","status":"publish","type":"page","link":"https:\/\/innovalia.org\/en\/events\/","title":{"rendered":"Events"},"content":{"rendered":"<div class=\"wpb-content-wrapper\"><p>[vc_row full_width=&#8221;stretch_row_content&#8221; css=&#8221;.vc_custom_1462530821300{margin-top: -60px !important;margin-bottom: 0px !important;padding-top: 50px !important;padding-bottom: 80px !important;background-color: #f5f5f5 !important;}&#8221;][vc_column css=&#8221;.vc_custom_1462529002537{margin-top: 0px !important;margin-bottom: 0px !important;padding-top: 0px !important;padding-bottom: 0px !important;}&#8221;][vc_column_text css=&#8221;.vc_custom_1463480019955{margin-top: 0px !important;margin-bottom: 0px !important;padding-top: 0px !important;padding-bottom: 0px !important;}&#8221;]<\/p>\n<h5 style=\"text-align: center;\"><strong>Innovalia Association organizes the following events<\/strong><\/h5>\n<p>[\/vc_column_text][\/vc_column][\/vc_row][vc_row][vc_column][vc_column_text]<\/p>\n<p>[\/vc_column_text][\/vc_column][\/vc_row][vc_row full_width=&#8221;stretch_row&#8221; css=&#8221;.vc_custom_1461860405828{margin-bottom: 0px !important;}&#8221;][vc_column width=&#8221;1\/3&#8243;]<div class=\"sc-textbox rounded-corners\"  style=\"border: 1px solid #eeeeee;\"><div class=\"sc-textbox-content\" style=\"background-position: center top;\">[vc_single_image image=&#8221;13747&#8243; img_size=&#8221;500&#215;350&#8243; alignment=&#8221;right&#8221; onclick=&#8221;custom_link&#8221; css=&#8221;.vc_custom_1578657707188{margin-top: -25px !important;margin-right: -25px !important;margin-left: -26px !important;}&#8221; link=&#8221;http:\/\/technarte.org\/en&#8221;][vc_column_text]<\/p>\n<h5 style=\"color: #58abb7; margin-bottom: 0px; text-align: center;\">Technarte<\/h5>\n<div class=\"entry-content post-content\">\n<p><span style=\"font-size: 16px;\"><strong>Technarte<\/strong> is an international conference on Art&amp;Technology stablished as a reference in the international scene. Technarte was born as a forum for debate and reflection about the fusion of art and technology, in which Innovalia wants to be actively involved.<\/span><\/p>\n<\/div>\n<p>[\/vc_column_text][vc_btn title=&#8221;M\u00e1s informaci\u00f3n&#8221; style=&#8221;classic&#8221; size=&#8221;sm&#8221; align=&#8221;center&#8221; css=&#8221;.vc_custom_1578657696833{padding-top: 35px !important;}&#8221; link=&#8221;url:http%3A%2F%2Ftechnarte.org%2Fen%2F|||&#8221;]<\/div><\/div>[\/vc_column][vc_column width=&#8221;1\/3&#8243;]<div class=\"sc-textbox rounded-corners\"  style=\"border: 1px solid #eeeeee;\"><div class=\"sc-textbox-content\" style=\"background-position: center top;\">[vc_single_image image=&#8221;15022&#8243; img_size=&#8221;500&#215;350&#8243; onclick=&#8221;custom_link&#8221; css=&#8221;.vc_custom_1578657489735{margin-top: -25px !important;margin-right: -25px !important;margin-left: -25px !important;}&#8221; link=&#8221;https:\/\/metromeet.org\/&#8221;][vc_column_text]<\/p>\n<h5 style=\"color: #58abb7; margin-bottom: 0px; text-align: center;\">Metromeet<\/h5>\n<div class=\"entry-content post-content\">\n<p><span style=\"font-size: 16px;\"><strong>Metromeet <\/strong>is an International Conference on Industrial Dimensional Metrology with a unique position in Europe. Consolidated as a forum for discussion and inspiration in a changing industry, Innovalia Association wanted to develop a platform for world leaders in the field of Industrial Metrology.<\/span><\/p>\n<\/div>\n<p>[\/vc_column_text][vc_btn title=&#8221;M\u00e1s informaci\u00f3n&#8221; style=&#8221;classic&#8221; size=&#8221;sm&#8221; align=&#8221;center&#8221; link=&#8221;url:https%3A%2F%2Fmetromeet.org%2F|||&#8221;]<\/div><\/div>[\/vc_column][vc_column width=&#8221;1\/3&#8243;]<div class=\"sc-textbox rounded-corners\"  style=\"border: 1px solid #eeeeee;\"><div class=\"sc-textbox-content\" style=\"background-position: center top;\">[vc_single_image image=&#8221;13744&#8243; img_size=&#8221;500&#215;350&#8243; add_caption=&#8221;yes&#8221; onclick=&#8221;custom_link&#8221; css=&#8221;.vc_custom_1578657312408{margin-top: -25px !important;margin-right: -25px !important;margin-left: -25px !important;}&#8221; link=&#8221;https:\/\/www.qatest.org\/&#8221;][vc_column_text]<\/p>\n<h5 style=\"color: #58abb7; margin-bottom: 0px; text-align: center;\">QA&amp;TEST<\/h5>\n<div class=\"entry-content post-content\">\n<p><span style=\"font-size: 16px;\"><strong>QA&amp;TEST <\/strong> is the International Conference on Software QA and Testing on Embedded Systems. The conference has evolved as one of the most active and successful platforms for the exchange of experiences in the industry of embedded software testing, bringing together the most important professionals of this sector.<\/span><\/p>\n<\/div>\n<p>[\/vc_column_text][vc_btn title=&#8221;M\u00e1s informaci\u00f3n&#8221; style=&#8221;classic&#8221; size=&#8221;sm&#8221; align=&#8221;center&#8221; link=&#8221;url:https%3A%2F%2Fwww.qatest.org%2F|||&#8221;]<\/div><\/div>[\/vc_column][\/vc_row][vc_row][vc_column][vc_column_text]<\/p>\n<p>[\/vc_column_text][\/vc_column][\/vc_row][vc_row][vc_column]<div class=\"fullwidth-block clearfix styled-marker-top\" style=\"background-image: url(https:\/\/innovalia.org\/wp-content\/uploads\/2014\/10\/cta2.jpg);background-repeat: no-repeat; background-size: cover;background-position: center top;padding-top: 100px;padding-bottom: 100px;\"><div class=\"centered-box\"><div class=\"lazy-loading\"><a class=\"sc-button lazy-loading-item\" data-ll-effect=\"drop-right-without-wrap\" href=\"http:\/\/innovalia.org\/en\/news_en\/\" target=\"_self\" style=\"color: #ffffff;background-color: #857889;\">GO TO NEWS<\/a><\/div><\/div><\/div><div class=\"clearboth\"><\/div><div class=\"sc-divider\" style=\"margin-top: -120px;\"><\/div>[\/vc_column][\/vc_row]<\/p>\n<\/div>","protected":false},"excerpt":{"rendered":"<p>[vc_row full_width=&#8221;stretch_row_content&#8221; css=&#8221;.vc_custom_1462530821300{margin-top: -60px !important;margin-bottom: 0px !important;padding-top: 50px !important;padding-bottom: 80px !important;background-color: #f5f5f5 !important;}&#8221;][vc_column css=&#8221;.vc_custom_1462529002537{margin-top: 0px !important;margin-bottom: 0px !important;padding-top: 0px !important;padding-bottom:&#8230;<\/p>\n","protected":false},"author":1,"featured_media":0,"parent":0,"menu_order":0,"comment_status":"closed","ping_status":"closed","template":"","meta":{"footnotes":""},"class_list":["post-14208","page","type-page","status-publish","hentry"],"yoast_head":"<!-- This site is optimized with the Yoast SEO plugin v27.3 - https:\/\/yoast.com\/product\/yoast-seo-wordpress\/ -->\n<title>Events - Innovalia Association<\/title>\n<meta name=\"robots\" content=\"index, follow, max-snippet:-1, max-image-preview:large, max-video-preview:-1\" \/>\n<link rel=\"canonical\" href=\"https:\/\/innovalia.org\/en\/events\/\" \/>\n<meta property=\"og:locale\" content=\"en_US\" \/>\n<meta property=\"og:type\" content=\"article\" \/>\n<meta property=\"og:title\" content=\"Events - Innovalia Association\" \/>\n<meta property=\"og:description\" content=\"[vc_row full_width=&#8221;stretch_row_content&#8221; css=&#8221;.vc_custom_1462530821300{margin-top: -60px !important;margin-bottom: 0px !important;padding-top: 50px !important;padding-bottom: 80px !important;background-color: #f5f5f5 !important;}&#8221;][vc_column css=&#8221;.vc_custom_1462529002537{margin-top: 0px !important;margin-bottom: 0px !important;padding-top: 0px !important;padding-bottom:...\" \/>\n<meta property=\"og:url\" content=\"https:\/\/innovalia.org\/en\/events\/\" \/>\n<meta property=\"og:site_name\" content=\"Innovalia Association\" \/>\n<meta property=\"article:modified_time\" content=\"2020-01-10T12:04:14+00:00\" \/>\n<meta name=\"twitter:card\" content=\"summary_large_image\" \/>\n<meta name=\"twitter:site\" content=\"@Innovalia_group\" \/>\n<meta name=\"twitter:label1\" content=\"Est. reading time\" \/>\n\t<meta name=\"twitter:data1\" content=\"3 minutes\" \/>\n<script type=\"application\/ld+json\" class=\"yoast-schema-graph\">{\"@context\":\"https:\\\/\\\/schema.org\",\"@graph\":[{\"@type\":\"WebPage\",\"@id\":\"https:\\\/\\\/innovalia.org\\\/en\\\/events\\\/\",\"url\":\"https:\\\/\\\/innovalia.org\\\/en\\\/events\\\/\",\"name\":\"Events - Innovalia Association\",\"isPartOf\":{\"@id\":\"https:\\\/\\\/innovalia.org\\\/#website\"},\"datePublished\":\"2016-05-17T10:17:08+00:00\",\"dateModified\":\"2020-01-10T12:04:14+00:00\",\"breadcrumb\":{\"@id\":\"https:\\\/\\\/innovalia.org\\\/en\\\/events\\\/#breadcrumb\"},\"inLanguage\":\"en-US\",\"potentialAction\":[{\"@type\":\"ReadAction\",\"target\":[\"https:\\\/\\\/innovalia.org\\\/en\\\/events\\\/\"]}]},{\"@type\":\"BreadcrumbList\",\"@id\":\"https:\\\/\\\/innovalia.org\\\/en\\\/events\\\/#breadcrumb\",\"itemListElement\":[{\"@type\":\"ListItem\",\"position\":1,\"name\":\"Portada\",\"item\":\"https:\\\/\\\/innovalia.org\\\/en\\\/\"},{\"@type\":\"ListItem\",\"position\":2,\"name\":\"Events\"}]},{\"@type\":\"WebSite\",\"@id\":\"https:\\\/\\\/innovalia.org\\\/#website\",\"url\":\"https:\\\/\\\/innovalia.org\\\/\",\"name\":\"Innovalia Association\",\"description\":\"La Asociaci\u00f3n Innovalia es un Centro Tecnol\u00f3gico privado e independiente que tiene como principal prop\u00f3sito fomentar la innovaci\u00f3n tecnol\u00f3gica en las peque\u00f1as y medianas empresas.\",\"publisher\":{\"@id\":\"https:\\\/\\\/innovalia.org\\\/#organization\"},\"potentialAction\":[{\"@type\":\"SearchAction\",\"target\":{\"@type\":\"EntryPoint\",\"urlTemplate\":\"https:\\\/\\\/innovalia.org\\\/?s={search_term_string}\"},\"query-input\":{\"@type\":\"PropertyValueSpecification\",\"valueRequired\":true,\"valueName\":\"search_term_string\"}}],\"inLanguage\":\"en-US\"},{\"@type\":\"Organization\",\"@id\":\"https:\\\/\\\/innovalia.org\\\/#organization\",\"name\":\"Innovalia\",\"url\":\"https:\\\/\\\/innovalia.org\\\/\",\"logo\":{\"@type\":\"ImageObject\",\"inLanguage\":\"en-US\",\"@id\":\"https:\\\/\\\/innovalia.org\\\/#\\\/schema\\\/logo\\\/image\\\/\",\"url\":\"https:\\\/\\\/innovalia.org\\\/wp-content\\\/uploads\\\/2016\\\/04\\\/logo-asociacion-innovalia-1.png\",\"contentUrl\":\"https:\\\/\\\/innovalia.org\\\/wp-content\\\/uploads\\\/2016\\\/04\\\/logo-asociacion-innovalia-1.png\",\"width\":220,\"height\":73,\"caption\":\"Innovalia\"},\"image\":{\"@id\":\"https:\\\/\\\/innovalia.org\\\/#\\\/schema\\\/logo\\\/image\\\/\"},\"sameAs\":[\"https:\\\/\\\/x.com\\\/Innovalia_group\",\"https:\\\/\\\/www.youtube.com\\\/user\\\/innovalia\"]}]}<\/script>\n<!-- \/ Yoast SEO plugin. -->","yoast_head_json":{"title":"Events - Innovalia Association","robots":{"index":"index","follow":"follow","max-snippet":"max-snippet:-1","max-image-preview":"max-image-preview:large","max-video-preview":"max-video-preview:-1"},"canonical":"https:\/\/innovalia.org\/en\/events\/","og_locale":"en_US","og_type":"article","og_title":"Events - Innovalia Association","og_description":"[vc_row full_width=&#8221;stretch_row_content&#8221; css=&#8221;.vc_custom_1462530821300{margin-top: -60px !important;margin-bottom: 0px !important;padding-top: 50px !important;padding-bottom: 80px !important;background-color: #f5f5f5 !important;}&#8221;][vc_column css=&#8221;.vc_custom_1462529002537{margin-top: 0px !important;margin-bottom: 0px !important;padding-top: 0px !important;padding-bottom:...","og_url":"https:\/\/innovalia.org\/en\/events\/","og_site_name":"Innovalia Association","article_modified_time":"2020-01-10T12:04:14+00:00","twitter_card":"summary_large_image","twitter_site":"@Innovalia_group","twitter_misc":{"Est. reading time":"3 minutes"},"schema":{"@context":"https:\/\/schema.org","@graph":[{"@type":"WebPage","@id":"https:\/\/innovalia.org\/en\/events\/","url":"https:\/\/innovalia.org\/en\/events\/","name":"Events - Innovalia Association","isPartOf":{"@id":"https:\/\/innovalia.org\/#website"},"datePublished":"2016-05-17T10:17:08+00:00","dateModified":"2020-01-10T12:04:14+00:00","breadcrumb":{"@id":"https:\/\/innovalia.org\/en\/events\/#breadcrumb"},"inLanguage":"en-US","potentialAction":[{"@type":"ReadAction","target":["https:\/\/innovalia.org\/en\/events\/"]}]},{"@type":"BreadcrumbList","@id":"https:\/\/innovalia.org\/en\/events\/#breadcrumb","itemListElement":[{"@type":"ListItem","position":1,"name":"Portada","item":"https:\/\/innovalia.org\/en\/"},{"@type":"ListItem","position":2,"name":"Events"}]},{"@type":"WebSite","@id":"https:\/\/innovalia.org\/#website","url":"https:\/\/innovalia.org\/","name":"Innovalia Association","description":"La Asociaci\u00f3n Innovalia es un Centro Tecnol\u00f3gico privado e independiente que tiene como principal prop\u00f3sito fomentar la innovaci\u00f3n tecnol\u00f3gica en las peque\u00f1as y medianas empresas.","publisher":{"@id":"https:\/\/innovalia.org\/#organization"},"potentialAction":[{"@type":"SearchAction","target":{"@type":"EntryPoint","urlTemplate":"https:\/\/innovalia.org\/?s={search_term_string}"},"query-input":{"@type":"PropertyValueSpecification","valueRequired":true,"valueName":"search_term_string"}}],"inLanguage":"en-US"},{"@type":"Organization","@id":"https:\/\/innovalia.org\/#organization","name":"Innovalia","url":"https:\/\/innovalia.org\/","logo":{"@type":"ImageObject","inLanguage":"en-US","@id":"https:\/\/innovalia.org\/#\/schema\/logo\/image\/","url":"https:\/\/innovalia.org\/wp-content\/uploads\/2016\/04\/logo-asociacion-innovalia-1.png","contentUrl":"https:\/\/innovalia.org\/wp-content\/uploads\/2016\/04\/logo-asociacion-innovalia-1.png","width":220,"height":73,"caption":"Innovalia"},"image":{"@id":"https:\/\/innovalia.org\/#\/schema\/logo\/image\/"},"sameAs":["https:\/\/x.com\/Innovalia_group","https:\/\/www.youtube.com\/user\/innovalia"]}]}},"_links":{"self":[{"href":"https:\/\/innovalia.org\/en\/wp-json\/wp\/v2\/pages\/14208","targetHints":{"allow":["GET"]}}],"collection":[{"href":"https:\/\/innovalia.org\/en\/wp-json\/wp\/v2\/pages"}],"about":[{"href":"https:\/\/innovalia.org\/en\/wp-json\/wp\/v2\/types\/page"}],"author":[{"embeddable":true,"href":"https:\/\/innovalia.org\/en\/wp-json\/wp\/v2\/users\/1"}],"replies":[{"embeddable":true,"href":"https:\/\/innovalia.org\/en\/wp-json\/wp\/v2\/comments?post=14208"}],"version-history":[{"count":8,"href":"https:\/\/innovalia.org\/en\/wp-json\/wp\/v2\/pages\/14208\/revisions"}],"predecessor-version":[{"id":18176,"href":"https:\/\/innovalia.org\/en\/wp-json\/wp\/v2\/pages\/14208\/revisions\/18176"}],"wp:attachment":[{"href":"https:\/\/innovalia.org\/en\/wp-json\/wp\/v2\/media?parent=14208"}],"curies":[{"name":"wp","href":"https:\/\/api.w.org\/{rel}","templated":true}]}}