{"id":14230,"date":"2016-05-17T10:44:06","date_gmt":"2016-05-17T10:44:06","guid":{"rendered":"http:\/\/innovalia.org\/?page_id=14230"},"modified":"2016-05-26T09:56:19","modified_gmt":"2016-05-26T09:56:19","slug":"services","status":"publish","type":"page","link":"https:\/\/innovalia.org\/en\/services\/","title":{"rendered":"Services"},"content":{"rendered":"<div class=\"wpb-content-wrapper\"><p>[vc_row][vc_column width=&#8221;1\/3&#8243;]<div class=\"sc-textbox rounded-corners\"  style=\"border: 1px solid #d2dae1;\"><div class=\"sc-textbox-content\" style=\"background-position: center top;\">[vc_single_image image=&#8221;13565&#8243; img_size=&#8221;full&#8221; css=&#8221;.vc_custom_1462963113522{margin-top: -25px !important;margin-right: -25px !important;margin-left: -25px !important;}&#8221;]<div class=\"sc-icon-with-text sc-icon-with-text-icon-size-small centered-box\"><div class=\"sc-icon-with-title sc-icon-with-title-icon-size-small\"><div class=\"sc-icon-with-title-icon\"><div class=\"sc-icon sc-icon-size-small  sc-icon-shape-circle\" style=\"background-color: #ff7f7f;border: 2px solid #ff7f7f;\"><span class=\"sc-icon-half-1\" style=\"color: #ffffff;\"><span class=\"back-angle\">&#xe674;<\/span><\/span><span class=\"sc-icon-half-2\" style=\"color: #ffffff;\"><span class=\"back-angle\">&#xe674;<\/span><\/span><\/div><\/div><div class=\"sc-iconed-title\"><h5 style=\"color: #58abb7;\">KNOWLEDGE TRANSFER, TRAINING AND DISSEMINATION<\/h5><\/div><\/div><div class=\"sc-icon-with-text-content\"><div class=\"sc-icon-with-text-empty\"><\/div><div class=\"sc-icon-with-text-text\">[vc_column_text]Innovalia fosters companies\u2019 capabilities by disseminating results and training on skills:[\/vc_column_text]<\/div><\/div><div class=\"clearboth\"><\/div><\/div>\n<div class=\"sc-list sc-list-color-7\">\n<ul>\n<li>The use of ICT in advanced manufacturing.<\/li>\n<li>Knowledge of significant advances in industrially emerging technologies\/products.<\/li>\n<li>Increased features and\/or performance in industrially mature technologies\/products.<\/li>\n<\/ul>\n<\/div>\n<div class=\"clearboth\"><\/div><div class=\"sc-divider\" style=\"margin-top: 50px;margin-bottom: 55px;\"><\/div><\/div><\/div>[\/vc_column][vc_column width=&#8221;1\/3&#8243;]<div class=\"sc-textbox rounded-corners\"  style=\"border: 1px solid #d2dae1;\"><div class=\"sc-textbox-content\" style=\"background-position: center top;\">[vc_single_image image=&#8221;13564&#8243; img_size=&#8221;full&#8221; css=&#8221;.vc_custom_1462962648307{margin-top: -25px !important;margin-right: -25px !important;margin-left: -25px !important;}&#8221;]<div class=\"sc-icon-with-text sc-icon-with-text-icon-size-small centered-box\"><div class=\"sc-icon-with-title sc-icon-with-title-icon-size-small\"><div class=\"sc-icon-with-title-icon\"><div class=\"sc-icon sc-icon-size-small  sc-icon-shape-square\" style=\"background-color: #ff9d70;border: 2px solid #ff9d70;\"><span class=\"sc-icon-half-1\" style=\"color: #ffffff;\"><span class=\"back-angle\">&#xe678;<\/span><\/span><span class=\"sc-icon-half-2\" style=\"color: #ffffff;\"><span class=\"back-angle\">&#xe678;<\/span><\/span><\/div><\/div><div class=\"sc-iconed-title\"><h5 style=\"color: #58abb7;\">R&amp;D PROJECT IMPLEMENTATION, SUPPORT AND MANAGEMENT<\/h5><\/div><\/div><div class=\"sc-icon-with-text-content\"><div class=\"sc-icon-with-text-empty\"><\/div><div class=\"sc-icon-with-text-text\"><\/p>\n<div class=\"sc-list sc-list-color-7\">\n<ul>\n<li style=\"text-align: left;\">Carrying out R&amp;D technical activities within the subject areas belonging to the association\u2019s specialisation lines.<\/li>\n<li style=\"text-align: left;\">Support for defining strategies for implementing projects in order to achieve the highest conversion of R&amp;D results in new products and services.<\/li>\n<li style=\"text-align: left;\">Technical coordination on international R&amp;D projects.<\/li>\n<li style=\"text-align: left;\">Definition of technological solutions to apply in R&amp;D projects<\/li>\n<\/ul>\n<\/div>\n<p><\/div><\/div><div class=\"clearboth\"><\/div><\/div><div class=\"clearboth\"><\/div><div class=\"sc-divider\" style=\"margin-top: 30px;margin-bottom: 29px;\"><\/div><\/div><\/div>[\/vc_column][vc_column width=&#8221;1\/3&#8243;]<div class=\"sc-textbox rounded-corners\"  style=\"border: 1px solid #d2dae1;\"><div class=\"sc-textbox-content\" style=\"background-position: center top;\">[vc_single_image image=&#8221;13566&#8243; img_size=&#8221;full&#8221; css=&#8221;.vc_custom_1462963091356{margin-top: -25px !important;margin-right: -25px !important;margin-left: -25px !important;}&#8221;]<div class=\"sc-icon-with-text sc-icon-with-text-icon-size-small centered-box\"><div class=\"sc-icon-with-title sc-icon-with-title-icon-size-small\"><div class=\"sc-icon-with-title-icon\"><div class=\"sc-icon sc-icon-size-small  sc-icon-shape-circle\" style=\"background-color: #598bac;border: 2px solid #598bac;\"><span class=\"sc-icon-half-1\" style=\"color: #ffffff;\"><span class=\"back-angle\">&#xe688;<\/span><\/span><span class=\"sc-icon-half-2\" style=\"color: #ffffff;\"><span class=\"back-angle\">&#xe688;<\/span><\/span><\/div><\/div><div class=\"sc-iconed-title\"><h5 style=\"color: #58abb7;\">ADVANCED SOFTWARE DEVELOPMENT SERVICES<\/h5><\/div><\/div><div class=\"sc-icon-with-text-content\"><div class=\"sc-icon-with-text-empty\"><\/div><div class=\"sc-icon-with-text-text\">[vc_column_text]The Innovalia Association provides market-oriented technological services. Its activities include:[\/vc_column_text]<\/div><\/div><div class=\"clearboth\"><\/div><\/div>\n<div class=\"sc-list sc-list-color-7\">\n<ul>\n<li>Customised software service design and development.<\/li>\n<li>Validation and verification of software quality based on international standards.<\/li>\n<li>Online management and supervision of corporate security systems.<\/li>\n<\/ul>\n<\/div>\n<div class=\"clearboth\"><\/div><div class=\"sc-divider\" style=\"margin-top: 50px;margin-bottom: 82px;\"><\/div><\/div><\/div>[\/vc_column][\/vc_row][vc_row][vc_column]<div class=\"centered-box\"><div class=\"lazy-loading\"><a class=\"sc-button lazy-loading-item\" data-ll-effect=\"drop-right-without-wrap\" href=\"http:\/\/innovalia.org\/en\/contacto\/\" target=\"_self\" style=\"color: #ffffff;background-color: #ffb279;\">CONTACT US<\/a><\/div><\/div>[\/vc_column][\/vc_row][vc_row][vc_column]<div class=\"clearboth\"><\/div><div class=\"sc-divider\" style=\"margin-top: 52px;\"><\/div><div class=\"fullwidth-block clearfix styled-marker-top\" style=\"background-color: #f1f5f8;background-image: url(https:\/\/innovalia.org\/wp-content\/uploads\/2014\/10\/Parallax-Background-Dark-03.jpg);background-position: center top;background-attachment: fixed;padding-top: 50px;padding-bottom: 50px;padding-left: 25px;padding-right: 25px;\"><div class=\"container\">[vc_row_inner][vc_column_inner width=&#8221;2\/3&#8243;][vc_column_text]<\/p>\n<div class=\"title-h2\"><span style=\"color: #ffffff;\">OUR<\/span><span style=\"color: #ffb47c;\"> PRINCIPLES<\/span><\/div>\n<p>[\/vc_column_text]<div class=\"clearboth\"><\/div><div class=\"sc-divider\" style=\"margin-bottom: 6px;\"><\/div><div class=\"sc-textbox rounded-corners\"  style=\"border: 1px solid #ffffff;\"><div class=\"sc-textbox-content\" style=\"background-position: center top;\"><div class=\"clearboth\"><\/div><div class=\"sc-divider\" style=\"margin-bottom: -11px;\"><\/div><div class=\"sc-dropcap sc-dropcap-shape-circle sc-dropcap-style-medium\"><span class=\"sc-dropcap-letter\" style=\"color: #ffffff;border: 2px solid #ffffff;\">1<\/span><\/div>[vc_column_text]<\/p>\n<div class=\"styled-subtitle\"><span style=\"color: #ffffff;\">Industrial Research and Technological Development<\/span><\/div>\n<p>[\/vc_column_text]<div class=\"clearboth\"><\/div><div class=\"sc-divider\" style=\"margin-top: 15px;margin-bottom: 11px;border-color: #ffffff;\"><\/div><div class=\"sc-dropcap sc-dropcap-shape-circle sc-dropcap-style-medium\"><span class=\"sc-dropcap-letter\" style=\"color: #ffffff;border: 2px solid #ffffff;\">2<\/span><\/div>[vc_column_text]<\/p>\n<div class=\"styled-subtitle\"><span style=\"color: #ffffff;\">Business Cooperation through Multidisciplinary Teams<br \/>\n<\/span><\/div>\n<p>[\/vc_column_text]<div class=\"clearboth\"><\/div><div class=\"sc-divider\" style=\"margin-top: 15px;margin-bottom: 12px;border-color: #ffffff;\"><\/div><div class=\"sc-dropcap sc-dropcap-shape-circle sc-dropcap-style-medium\"><span class=\"sc-dropcap-letter\" style=\"color: #ffffff;border: 2px solid #ffffff;\">3<\/span><\/div>[vc_column_text]<\/p>\n<div class=\"styled-subtitle\"><span style=\"color: #ffffff;\">Market orientation<\/span><\/div>\n<p>[\/vc_column_text]<\/div><\/div>[\/vc_column_inner][vc_column_inner width=&#8221;1\/3&#8243;][vc_column_text]<\/p>\n<div class=\"title-h2\"><span style=\"color: #ffffff;\">OUR<\/span><span style=\"color: #ffb47c;\"> STRENGHS<\/span><\/div>\n<p>[\/vc_column_text]<div class=\"diagram-item\"><div class=\"diagram-wrapper\"><div class=\"\" ><div class=\"digram-line-box \" ><div class=\"skill-element\"><div class=\"skill-title\">Digital entrepreneurship<\/div><div class=\"clearfix\"><div class=\"skill-amount\">89%<\/div><div class=\"skill-line\"><div data-amount=\"89\" style=\"width: 0; background: #ffffff;\"><\/div><\/div><\/div><\/div><div class=\"skill-element\"><div class=\"skill-title\">High Performance Computing<\/div><div class=\"clearfix\"><div class=\"skill-amount\">74%<\/div><div class=\"skill-line\"><div data-amount=\"74\" style=\"width: 0; background: #ffffff;\"><\/div><\/div><\/div><\/div><div class=\"skill-element\"><div class=\"skill-title\">Future Internet<\/div><div class=\"clearfix\"><div class=\"skill-amount\">95%<\/div><div class=\"skill-line\"><div data-amount=\"95\" style=\"width: 0; background: #ffffff;\"><\/div><\/div><\/div><\/div><div class=\"skill-element\"><div class=\"skill-title\">Cyber Physical Systems<\/div><div class=\"clearfix\"><div class=\"skill-amount\">75%<\/div><div class=\"skill-line\"><div data-amount=\"75\" style=\"width: 0; background: #ffffff;\"><\/div><\/div><\/div><\/div><div class=\"skill-element\"><div class=\"skill-title\">Industrial Manufacturing<\/div><div class=\"clearfix\"><div class=\"skill-amount\">91%<\/div><div class=\"skill-line\"><div data-amount=\"91\" style=\"width: 0; background: #ffffff;\"><\/div><\/div><\/div><\/div><\/div><\/div><\/div><\/div>[\/vc_column_inner][\/vc_row_inner]<\/div><\/div><div class=\"clearboth\"><\/div><div class=\"sc-divider\" style=\"margin-bottom: -1px;\"><\/div>[\/vc_column][\/vc_row]<\/p>\n<\/div>","protected":false},"excerpt":{"rendered":"<p>[vc_row][vc_column width=&#8221;1\/3&#8243;][\/vc_column][vc_column width=&#8221;1\/3&#8243;][\/vc_column][vc_column width=&#8221;1\/3&#8243;][\/vc_column][\/vc_row][vc_row][vc_column][\/vc_column][\/vc_row][vc_row][vc_column][\/vc_column][\/vc_row]<\/p>\n","protected":false},"author":1,"featured_media":0,"parent":0,"menu_order":0,"comment_status":"closed","ping_status":"open","template":"","meta":{"footnotes":""},"class_list":["post-14230","page","type-page","status-publish","hentry"],"yoast_head":"<!-- This site is optimized with the Yoast SEO plugin v27.4 - https:\/\/yoast.com\/product\/yoast-seo-wordpress\/ -->\n<title>Services - Innovalia Association<\/title>\n<meta name=\"robots\" content=\"index, follow, max-snippet:-1, max-image-preview:large, max-video-preview:-1\" \/>\n<link rel=\"canonical\" href=\"https:\/\/innovalia.org\/en\/services\/\" \/>\n<meta property=\"og:locale\" content=\"en_US\" \/>\n<meta property=\"og:type\" content=\"article\" \/>\n<meta property=\"og:title\" content=\"Services - Innovalia Association\" \/>\n<meta property=\"og:description\" content=\"[vc_row][vc_column width=&#8221;1\/3&#8243;][\/vc_column][vc_column width=&#8221;1\/3&#8243;][\/vc_column][vc_column width=&#8221;1\/3&#8243;][\/vc_column][\/vc_row][vc_row][vc_column][\/vc_column][\/vc_row][vc_row][vc_column][\/vc_column][\/vc_row]\" \/>\n<meta property=\"og:url\" content=\"https:\/\/innovalia.org\/en\/services\/\" \/>\n<meta property=\"og:site_name\" content=\"Innovalia Association\" \/>\n<meta property=\"article:modified_time\" content=\"2016-05-26T09:56:19+00:00\" \/>\n<meta name=\"twitter:card\" content=\"summary_large_image\" \/>\n<meta name=\"twitter:site\" content=\"@Innovalia_group\" \/>\n<meta name=\"twitter:label1\" content=\"Est. reading time\" \/>\n\t<meta name=\"twitter:data1\" content=\"3 minutes\" \/>\n<script type=\"application\/ld+json\" class=\"yoast-schema-graph\">{\"@context\":\"https:\\\/\\\/schema.org\",\"@graph\":[{\"@type\":\"WebPage\",\"@id\":\"https:\\\/\\\/innovalia.org\\\/en\\\/services\\\/\",\"url\":\"https:\\\/\\\/innovalia.org\\\/en\\\/services\\\/\",\"name\":\"Services - Innovalia Association\",\"isPartOf\":{\"@id\":\"https:\\\/\\\/innovalia.org\\\/#website\"},\"datePublished\":\"2016-05-17T10:44:06+00:00\",\"dateModified\":\"2016-05-26T09:56:19+00:00\",\"breadcrumb\":{\"@id\":\"https:\\\/\\\/innovalia.org\\\/en\\\/services\\\/#breadcrumb\"},\"inLanguage\":\"en-US\",\"potentialAction\":[{\"@type\":\"ReadAction\",\"target\":[\"https:\\\/\\\/innovalia.org\\\/en\\\/services\\\/\"]}]},{\"@type\":\"BreadcrumbList\",\"@id\":\"https:\\\/\\\/innovalia.org\\\/en\\\/services\\\/#breadcrumb\",\"itemListElement\":[{\"@type\":\"ListItem\",\"position\":1,\"name\":\"Portada\",\"item\":\"https:\\\/\\\/innovalia.org\\\/en\\\/\"},{\"@type\":\"ListItem\",\"position\":2,\"name\":\"Services\"}]},{\"@type\":\"WebSite\",\"@id\":\"https:\\\/\\\/innovalia.org\\\/#website\",\"url\":\"https:\\\/\\\/innovalia.org\\\/\",\"name\":\"Innovalia Association\",\"description\":\"La Asociaci\u00f3n Innovalia es un Centro Tecnol\u00f3gico privado e independiente que tiene como principal prop\u00f3sito fomentar la innovaci\u00f3n tecnol\u00f3gica en las peque\u00f1as y medianas empresas.\",\"publisher\":{\"@id\":\"https:\\\/\\\/innovalia.org\\\/#organization\"},\"potentialAction\":[{\"@type\":\"SearchAction\",\"target\":{\"@type\":\"EntryPoint\",\"urlTemplate\":\"https:\\\/\\\/innovalia.org\\\/?s={search_term_string}\"},\"query-input\":{\"@type\":\"PropertyValueSpecification\",\"valueRequired\":true,\"valueName\":\"search_term_string\"}}],\"inLanguage\":\"en-US\"},{\"@type\":\"Organization\",\"@id\":\"https:\\\/\\\/innovalia.org\\\/#organization\",\"name\":\"Innovalia\",\"url\":\"https:\\\/\\\/innovalia.org\\\/\",\"logo\":{\"@type\":\"ImageObject\",\"inLanguage\":\"en-US\",\"@id\":\"https:\\\/\\\/innovalia.org\\\/#\\\/schema\\\/logo\\\/image\\\/\",\"url\":\"https:\\\/\\\/innovalia.org\\\/wp-content\\\/uploads\\\/2016\\\/04\\\/logo-asociacion-innovalia-1.png\",\"contentUrl\":\"https:\\\/\\\/innovalia.org\\\/wp-content\\\/uploads\\\/2016\\\/04\\\/logo-asociacion-innovalia-1.png\",\"width\":220,\"height\":73,\"caption\":\"Innovalia\"},\"image\":{\"@id\":\"https:\\\/\\\/innovalia.org\\\/#\\\/schema\\\/logo\\\/image\\\/\"},\"sameAs\":[\"https:\\\/\\\/x.com\\\/Innovalia_group\",\"https:\\\/\\\/www.youtube.com\\\/user\\\/innovalia\"]}]}<\/script>\n<!-- \/ Yoast SEO plugin. -->","yoast_head_json":{"title":"Services - Innovalia Association","robots":{"index":"index","follow":"follow","max-snippet":"max-snippet:-1","max-image-preview":"max-image-preview:large","max-video-preview":"max-video-preview:-1"},"canonical":"https:\/\/innovalia.org\/en\/services\/","og_locale":"en_US","og_type":"article","og_title":"Services - Innovalia Association","og_description":"[vc_row][vc_column width=&#8221;1\/3&#8243;][\/vc_column][vc_column width=&#8221;1\/3&#8243;][\/vc_column][vc_column width=&#8221;1\/3&#8243;][\/vc_column][\/vc_row][vc_row][vc_column][\/vc_column][\/vc_row][vc_row][vc_column][\/vc_column][\/vc_row]","og_url":"https:\/\/innovalia.org\/en\/services\/","og_site_name":"Innovalia Association","article_modified_time":"2016-05-26T09:56:19+00:00","twitter_card":"summary_large_image","twitter_site":"@Innovalia_group","twitter_misc":{"Est. reading time":"3 minutes"},"schema":{"@context":"https:\/\/schema.org","@graph":[{"@type":"WebPage","@id":"https:\/\/innovalia.org\/en\/services\/","url":"https:\/\/innovalia.org\/en\/services\/","name":"Services - Innovalia Association","isPartOf":{"@id":"https:\/\/innovalia.org\/#website"},"datePublished":"2016-05-17T10:44:06+00:00","dateModified":"2016-05-26T09:56:19+00:00","breadcrumb":{"@id":"https:\/\/innovalia.org\/en\/services\/#breadcrumb"},"inLanguage":"en-US","potentialAction":[{"@type":"ReadAction","target":["https:\/\/innovalia.org\/en\/services\/"]}]},{"@type":"BreadcrumbList","@id":"https:\/\/innovalia.org\/en\/services\/#breadcrumb","itemListElement":[{"@type":"ListItem","position":1,"name":"Portada","item":"https:\/\/innovalia.org\/en\/"},{"@type":"ListItem","position":2,"name":"Services"}]},{"@type":"WebSite","@id":"https:\/\/innovalia.org\/#website","url":"https:\/\/innovalia.org\/","name":"Innovalia Association","description":"La Asociaci\u00f3n Innovalia es un Centro Tecnol\u00f3gico privado e independiente que tiene como principal prop\u00f3sito fomentar la innovaci\u00f3n tecnol\u00f3gica en las peque\u00f1as y medianas empresas.","publisher":{"@id":"https:\/\/innovalia.org\/#organization"},"potentialAction":[{"@type":"SearchAction","target":{"@type":"EntryPoint","urlTemplate":"https:\/\/innovalia.org\/?s={search_term_string}"},"query-input":{"@type":"PropertyValueSpecification","valueRequired":true,"valueName":"search_term_string"}}],"inLanguage":"en-US"},{"@type":"Organization","@id":"https:\/\/innovalia.org\/#organization","name":"Innovalia","url":"https:\/\/innovalia.org\/","logo":{"@type":"ImageObject","inLanguage":"en-US","@id":"https:\/\/innovalia.org\/#\/schema\/logo\/image\/","url":"https:\/\/innovalia.org\/wp-content\/uploads\/2016\/04\/logo-asociacion-innovalia-1.png","contentUrl":"https:\/\/innovalia.org\/wp-content\/uploads\/2016\/04\/logo-asociacion-innovalia-1.png","width":220,"height":73,"caption":"Innovalia"},"image":{"@id":"https:\/\/innovalia.org\/#\/schema\/logo\/image\/"},"sameAs":["https:\/\/x.com\/Innovalia_group","https:\/\/www.youtube.com\/user\/innovalia"]}]}},"_links":{"self":[{"href":"https:\/\/innovalia.org\/en\/wp-json\/wp\/v2\/pages\/14230","targetHints":{"allow":["GET"]}}],"collection":[{"href":"https:\/\/innovalia.org\/en\/wp-json\/wp\/v2\/pages"}],"about":[{"href":"https:\/\/innovalia.org\/en\/wp-json\/wp\/v2\/types\/page"}],"author":[{"embeddable":true,"href":"https:\/\/innovalia.org\/en\/wp-json\/wp\/v2\/users\/1"}],"replies":[{"embeddable":true,"href":"https:\/\/innovalia.org\/en\/wp-json\/wp\/v2\/comments?post=14230"}],"version-history":[{"count":21,"href":"https:\/\/innovalia.org\/en\/wp-json\/wp\/v2\/pages\/14230\/revisions"}],"predecessor-version":[{"id":14587,"href":"https:\/\/innovalia.org\/en\/wp-json\/wp\/v2\/pages\/14230\/revisions\/14587"}],"wp:attachment":[{"href":"https:\/\/innovalia.org\/en\/wp-json\/wp\/v2\/media?parent=14230"}],"curies":[{"name":"wp","href":"https:\/\/api.w.org\/{rel}","templated":true}]}}