{"id":14234,"date":"2016-05-17T10:47:30","date_gmt":"2016-05-17T10:47:30","guid":{"rendered":"http:\/\/innovalia.org\/?page_id=14234"},"modified":"2016-05-25T16:12:59","modified_gmt":"2016-05-25T16:12:59","slug":"tenerife","status":"publish","type":"page","link":"https:\/\/innovalia.org\/en\/tenerife\/","title":{"rendered":"Tenerife"},"content":{"rendered":"<div class=\"wpb-content-wrapper\"><p>[vc_row equal_height=&#8221;yes&#8221; css=&#8221;.vc_custom_1462350814195{padding-top: 50px !important;padding-bottom: 0px !important;}&#8221;][vc_column width=&#8221;1\/2&#8243; offset=&#8221;vc_col-lg-6 vc_col-md-12 vc_col-xs-12&#8243;][vc_row_inner][vc_column_inner][vc_column_text]The Innovalia Association\u2019s office in Tenerife reinforces its versatility. The association is involved in projects aimed at the islands\u2019 specific needs and big data, cloud computing, astronomy, volcanology, etc. technology.[\/vc_column_text][vc_column_text]Its work is focused on strengthening Tenerife\u2019s innovation fabric through its involvement in projects with the Technology Park, the University of La Laguna and the Canary Islands Astrophysics Institute.[\/vc_column_text][\/vc_column_inner][\/vc_row_inner][\/vc_column][vc_column width=&#8221;1\/2&#8243; offset=&#8221;vc_col-lg-6 vc_col-md-12 vc_col-xs-12&#8243;][vc_row_inner][vc_column_inner][vc_single_image image=&#8221;13554&#8243; img_size=&#8221;full&#8221; add_caption=&#8221;yes&#8221; alignment=&#8221;center&#8221; style=&#8221;vc_box_shadow_3d&#8221; onclick=&#8221;zoom&#8221; css_animation=&#8221;appear&#8221;]<div class=\"clearboth\"><\/div><div class=\"sc-divider\" style=\"margin-bottom: -17px;\"><\/div>[\/vc_column_inner][\/vc_row_inner][\/vc_column][\/vc_row][vc_row][vc_column]<div class=\"centered-box\"><a class=\"sc-button \"  href=\"http:\/\/innovalia.org\/en\/contacto\/\" target=\"_self\" style=\"color: #ffffff;background-color: #ffb279;\">Get an appointment<\/a><\/div>[\/vc_column][\/vc_row][vc_row full_width=&#8221;stretch_row&#8221; equal_height=&#8221;yes&#8221; css=&#8221;.vc_custom_1462356559014{margin-top: 0px !important;margin-bottom: 0px !important;padding-top: 180px !important;padding-bottom: 80px !important;background-image: url(http:\/\/innovalia.org\/wp-content\/uploads\/2015\/01\/Polygon-Back-1.jpg?id=12407) !important;}&#8221;][vc_column width=&#8221;1\/3&#8243;]<div class=\"clearboth\"><\/div><div class=\"sc-divider\" style=\"margin-top: 69px;\"><\/div><div class=\"clearboth\"><\/div><div class=\"sc-divider\" style=\"margin-bottom: 30px;border-color: #ffffff;\"><\/div><div class=\"sc-icon-with-text sc-icon-with-text-icon-size-small\"><div class=\"sc-icon-with-title sc-icon-with-title-icon-size-small\"><div class=\"sc-icon-with-title-icon\"><div class=\"sc-icon sc-icon-size-small  sc-icon-shape-circle\" style=\"background-color: #ffb47c;border: 2px solid #ffb47c;\"><span class=\"sc-icon-half-1\" style=\"color: #ffffff;\"><span class=\"back-angle\">&#xe618;<\/span><\/span><span class=\"sc-icon-half-2\" style=\"color: #ffffff;\"><span class=\"back-angle\">&#xe618;<\/span><\/span><\/div><\/div><div class=\"sc-iconed-title\"><h6 style=\"\">Address<\/h6><\/div><\/div><div class=\"sc-icon-with-text-content\"><div class=\"sc-icon-with-text-empty\"><\/div><div class=\"sc-icon-with-text-text\">[vc_column_text]Calle Santiago Cuadrado, 30.<br \/>\n38002, Santa Cruz de Tenerife[\/vc_column_text]<\/div><\/div><div class=\"clearboth\"><\/div><\/div>[\/vc_column][vc_column width=&#8221;1\/3&#8243;][vc_column_text]<\/p>\n<h5 style=\"text-align: center; color: #333;\">\u00a0Informaci\u00f3n de contacto<\/h5>\n<p>[\/vc_column_text]<div class=\"clearboth\"><\/div><div class=\"sc-divider\" style=\"margin-bottom: 8px;\"><\/div><div class=\"clearboth\"><\/div><div class=\"sc-divider\" style=\"margin-bottom: 30px;border-color: #ffffff;\"><\/div><div class=\"sc-icon-with-text sc-icon-with-text-icon-size-small\"><div class=\"sc-icon-with-title sc-icon-with-title-icon-size-small\"><div class=\"sc-icon-with-title-icon\"><div class=\"sc-icon sc-icon-size-small  sc-icon-shape-circle\" style=\"background-color: #ffb47c;border: 2px solid #ffb47c;\"><span class=\"sc-icon-half-1\" style=\"color: #ffffff;\"><span class=\"back-angle\">&#xe699;<\/span><\/span><span class=\"sc-icon-half-2\" style=\"color: #ffffff;\"><span class=\"back-angle\">&#xe699;<\/span><\/span><\/div><\/div><div class=\"sc-iconed-title\"><h6 style=\"\">Phone<\/h6><\/div><\/div><div class=\"sc-icon-with-text-content\"><div class=\"sc-icon-with-text-empty\"><\/div><div class=\"sc-icon-with-text-text\">[vc_column_text]+34 92 224 41 14[\/vc_column_text]<\/div><\/div><div class=\"clearboth\"><\/div><\/div>[\/vc_column][vc_column width=&#8221;1\/3&#8243;]<div class=\"clearboth\"><\/div><div class=\"sc-divider\" style=\"margin-top: 69px;\"><\/div><div class=\"clearboth\"><\/div><div class=\"sc-divider\" style=\"margin-bottom: 30px;border-color: #ffffff;\"><\/div><div class=\"sc-icon-with-text sc-icon-with-text-icon-size-small\"><div class=\"sc-icon-with-title sc-icon-with-title-icon-size-small\"><div class=\"sc-icon-with-title-icon\"><div class=\"sc-icon sc-icon-size-small  sc-icon-shape-circle\" style=\"background-color: #ffb47c;border: 2px solid #ffb47c;\"><span class=\"sc-icon-half-1\" style=\"color: #ffffff;\"><span class=\"back-angle\">&#xe676;<\/span><\/span><span class=\"sc-icon-half-2\" style=\"color: #ffffff;\"><span class=\"back-angle\">&#xe676;<\/span><\/span><\/div><\/div><div class=\"sc-iconed-title\"><h6 style=\"\">Fax<\/h6><\/div><\/div><div class=\"sc-icon-with-text-content\"><div class=\"sc-icon-with-text-empty\"><\/div><div class=\"sc-icon-with-text-text\">[vc_column_text]+34 944 164 092[\/vc_column_text]<\/div><\/div><div class=\"clearboth\"><\/div><\/div>[\/vc_column][\/vc_row][vc_row full_width=&#8221;stretch_row_content_no_spaces&#8221; css=&#8221;.vc_custom_1462349111875{margin-top: 0px !important;margin-bottom: 0px !important;padding-top: 0px !important;padding-bottom: 0px !important;}&#8221;][vc_column css=&#8221;.vc_custom_1462348681648{margin-top: 0px !important;margin-bottom: 0px !important;padding-top: 0px !important;padding-bottom: 0px !important;}&#8221;]<div class=\"sc-map-with-text rounded-corners\"><div class=\"sc-map-with-text-content\" style=\"\"><div class=\"container\"><\/div><\/div><div class=\"sc-map-with-text-map\">[vc_gmaps link=\"#E-8_JTNDaWZyYW1lJTIwc3JjJTNEJTIyaHR0cHMlM0ElMkYlMkZ3d3cuZ29vZ2xlLmNvbSUyRm1hcHMlMkZlbWJlZCUzRnBiJTNEJTIxMW0xOCUyMTFtMTIlMjExbTMlMjExZDI0ODAuMDg2ODc0NDk5MDQyJTIxMmQtMTYuMjYzNjI4MjE0MTAwNCUyMTNkMjguNDY4MzI2NzI4Nzg5NTM1JTIxMm0zJTIxMWYwJTIxMmYwJTIxM2YwJTIxM20yJTIxMWkxMDI0JTIxMmk3NjglMjE0ZjEzLjElMjEzbTMlMjExbTIlMjExczB4YzQxY2M4NjEyOGEyYzZmJTI1M0EweGNhOGU5ZmQ5OTY3ODg3OTIlMjEyc0NhbGxlJTJCZGUlMkJTYW50aWFnbyUyQkN1YWRyYWRvJTI1MkMlMkIzMCUyNTJDJTJCMzgwMDYlMkJTYW50YSUyQkNydXolMkJkZSUyQlRlbmVyaWZlJTIxNWUwJTIxM20yJTIxMXNlcyUyMTJzZXMlMjE0djE0NjI1MzMyMzU1MTYlMjIlMjB3aWR0aCUzRCUyMjYwMCUyMiUyMGhlaWdodCUzRCUyMjQwMCUyMiUyMCUzRSUzQyUyRmlmcmFtZSUzRSUwQSUwQSUwQQ==\" size=\"446\" disable_scroll=\"1\"]<\/div><\/div><div class=\"clearboth\"><\/div><div class=\"sc-divider\" style=\"margin-bottom: -27px;\"><\/div>[\/vc_column][\/vc_row]<\/p>\n<\/div>","protected":false},"excerpt":{"rendered":"<p>[vc_row equal_height=&#8221;yes&#8221; css=&#8221;.vc_custom_1462350814195{padding-top: 50px !important;padding-bottom: 0px !important;}&#8221;][vc_column width=&#8221;1\/2&#8243; offset=&#8221;vc_col-lg-6 vc_col-md-12 vc_col-xs-12&#8243;][vc_row_inner][vc_column_inner][vc_column_text]The Innovalia Association\u2019s office in Tenerife reinforces its versatility. The&#8230;<\/p>\n","protected":false},"author":1,"featured_media":0,"parent":0,"menu_order":0,"comment_status":"closed","ping_status":"closed","template":"","meta":{"footnotes":""},"class_list":["post-14234","page","type-page","status-publish","hentry"],"yoast_head":"<!-- This site is optimized with the Yoast SEO plugin v27.4 - https:\/\/yoast.com\/product\/yoast-seo-wordpress\/ -->\n<title>Tenerife - Innovalia Association<\/title>\n<meta name=\"robots\" content=\"index, follow, max-snippet:-1, max-image-preview:large, max-video-preview:-1\" \/>\n<link rel=\"canonical\" href=\"https:\/\/innovalia.org\/en\/tenerife\/\" \/>\n<meta property=\"og:locale\" content=\"en_US\" \/>\n<meta property=\"og:type\" content=\"article\" \/>\n<meta property=\"og:title\" content=\"Tenerife - Innovalia Association\" \/>\n<meta property=\"og:description\" content=\"[vc_row equal_height=&#8221;yes&#8221; css=&#8221;.vc_custom_1462350814195{padding-top: 50px !important;padding-bottom: 0px !important;}&#8221;][vc_column width=&#8221;1\/2&#8243; offset=&#8221;vc_col-lg-6 vc_col-md-12 vc_col-xs-12&#8243;][vc_row_inner][vc_column_inner][vc_column_text]The Innovalia Association\u2019s office in Tenerife reinforces its versatility. The...\" \/>\n<meta property=\"og:url\" content=\"https:\/\/innovalia.org\/en\/tenerife\/\" \/>\n<meta property=\"og:site_name\" content=\"Innovalia Association\" \/>\n<meta property=\"article:modified_time\" content=\"2016-05-25T16:12:59+00:00\" \/>\n<meta name=\"twitter:card\" content=\"summary_large_image\" \/>\n<meta name=\"twitter:site\" content=\"@Innovalia_group\" \/>\n<meta name=\"twitter:label1\" content=\"Est. reading time\" \/>\n\t<meta name=\"twitter:data1\" content=\"3 minutes\" \/>\n<script type=\"application\/ld+json\" class=\"yoast-schema-graph\">{\"@context\":\"https:\\\/\\\/schema.org\",\"@graph\":[{\"@type\":\"WebPage\",\"@id\":\"https:\\\/\\\/innovalia.org\\\/en\\\/tenerife\\\/\",\"url\":\"https:\\\/\\\/innovalia.org\\\/en\\\/tenerife\\\/\",\"name\":\"Tenerife - Innovalia Association\",\"isPartOf\":{\"@id\":\"https:\\\/\\\/innovalia.org\\\/#website\"},\"datePublished\":\"2016-05-17T10:47:30+00:00\",\"dateModified\":\"2016-05-25T16:12:59+00:00\",\"breadcrumb\":{\"@id\":\"https:\\\/\\\/innovalia.org\\\/en\\\/tenerife\\\/#breadcrumb\"},\"inLanguage\":\"en-US\",\"potentialAction\":[{\"@type\":\"ReadAction\",\"target\":[\"https:\\\/\\\/innovalia.org\\\/en\\\/tenerife\\\/\"]}]},{\"@type\":\"BreadcrumbList\",\"@id\":\"https:\\\/\\\/innovalia.org\\\/en\\\/tenerife\\\/#breadcrumb\",\"itemListElement\":[{\"@type\":\"ListItem\",\"position\":1,\"name\":\"Portada\",\"item\":\"https:\\\/\\\/innovalia.org\\\/en\\\/\"},{\"@type\":\"ListItem\",\"position\":2,\"name\":\"Tenerife\"}]},{\"@type\":\"WebSite\",\"@id\":\"https:\\\/\\\/innovalia.org\\\/#website\",\"url\":\"https:\\\/\\\/innovalia.org\\\/\",\"name\":\"Innovalia Association\",\"description\":\"La Asociaci\u00f3n Innovalia es un Centro Tecnol\u00f3gico privado e independiente que tiene como principal prop\u00f3sito fomentar la innovaci\u00f3n tecnol\u00f3gica en las peque\u00f1as y medianas empresas.\",\"publisher\":{\"@id\":\"https:\\\/\\\/innovalia.org\\\/#organization\"},\"potentialAction\":[{\"@type\":\"SearchAction\",\"target\":{\"@type\":\"EntryPoint\",\"urlTemplate\":\"https:\\\/\\\/innovalia.org\\\/?s={search_term_string}\"},\"query-input\":{\"@type\":\"PropertyValueSpecification\",\"valueRequired\":true,\"valueName\":\"search_term_string\"}}],\"inLanguage\":\"en-US\"},{\"@type\":\"Organization\",\"@id\":\"https:\\\/\\\/innovalia.org\\\/#organization\",\"name\":\"Innovalia\",\"url\":\"https:\\\/\\\/innovalia.org\\\/\",\"logo\":{\"@type\":\"ImageObject\",\"inLanguage\":\"en-US\",\"@id\":\"https:\\\/\\\/innovalia.org\\\/#\\\/schema\\\/logo\\\/image\\\/\",\"url\":\"https:\\\/\\\/innovalia.org\\\/wp-content\\\/uploads\\\/2016\\\/04\\\/logo-asociacion-innovalia-1.png\",\"contentUrl\":\"https:\\\/\\\/innovalia.org\\\/wp-content\\\/uploads\\\/2016\\\/04\\\/logo-asociacion-innovalia-1.png\",\"width\":220,\"height\":73,\"caption\":\"Innovalia\"},\"image\":{\"@id\":\"https:\\\/\\\/innovalia.org\\\/#\\\/schema\\\/logo\\\/image\\\/\"},\"sameAs\":[\"https:\\\/\\\/x.com\\\/Innovalia_group\",\"https:\\\/\\\/www.youtube.com\\\/user\\\/innovalia\"]}]}<\/script>\n<!-- \/ Yoast SEO plugin. -->","yoast_head_json":{"title":"Tenerife - Innovalia Association","robots":{"index":"index","follow":"follow","max-snippet":"max-snippet:-1","max-image-preview":"max-image-preview:large","max-video-preview":"max-video-preview:-1"},"canonical":"https:\/\/innovalia.org\/en\/tenerife\/","og_locale":"en_US","og_type":"article","og_title":"Tenerife - Innovalia Association","og_description":"[vc_row equal_height=&#8221;yes&#8221; css=&#8221;.vc_custom_1462350814195{padding-top: 50px !important;padding-bottom: 0px !important;}&#8221;][vc_column width=&#8221;1\/2&#8243; offset=&#8221;vc_col-lg-6 vc_col-md-12 vc_col-xs-12&#8243;][vc_row_inner][vc_column_inner][vc_column_text]The Innovalia Association\u2019s office in Tenerife reinforces its versatility. The...","og_url":"https:\/\/innovalia.org\/en\/tenerife\/","og_site_name":"Innovalia Association","article_modified_time":"2016-05-25T16:12:59+00:00","twitter_card":"summary_large_image","twitter_site":"@Innovalia_group","twitter_misc":{"Est. reading time":"3 minutes"},"schema":{"@context":"https:\/\/schema.org","@graph":[{"@type":"WebPage","@id":"https:\/\/innovalia.org\/en\/tenerife\/","url":"https:\/\/innovalia.org\/en\/tenerife\/","name":"Tenerife - Innovalia Association","isPartOf":{"@id":"https:\/\/innovalia.org\/#website"},"datePublished":"2016-05-17T10:47:30+00:00","dateModified":"2016-05-25T16:12:59+00:00","breadcrumb":{"@id":"https:\/\/innovalia.org\/en\/tenerife\/#breadcrumb"},"inLanguage":"en-US","potentialAction":[{"@type":"ReadAction","target":["https:\/\/innovalia.org\/en\/tenerife\/"]}]},{"@type":"BreadcrumbList","@id":"https:\/\/innovalia.org\/en\/tenerife\/#breadcrumb","itemListElement":[{"@type":"ListItem","position":1,"name":"Portada","item":"https:\/\/innovalia.org\/en\/"},{"@type":"ListItem","position":2,"name":"Tenerife"}]},{"@type":"WebSite","@id":"https:\/\/innovalia.org\/#website","url":"https:\/\/innovalia.org\/","name":"Innovalia Association","description":"La Asociaci\u00f3n Innovalia es un Centro Tecnol\u00f3gico privado e independiente que tiene como principal prop\u00f3sito fomentar la innovaci\u00f3n tecnol\u00f3gica en las peque\u00f1as y medianas empresas.","publisher":{"@id":"https:\/\/innovalia.org\/#organization"},"potentialAction":[{"@type":"SearchAction","target":{"@type":"EntryPoint","urlTemplate":"https:\/\/innovalia.org\/?s={search_term_string}"},"query-input":{"@type":"PropertyValueSpecification","valueRequired":true,"valueName":"search_term_string"}}],"inLanguage":"en-US"},{"@type":"Organization","@id":"https:\/\/innovalia.org\/#organization","name":"Innovalia","url":"https:\/\/innovalia.org\/","logo":{"@type":"ImageObject","inLanguage":"en-US","@id":"https:\/\/innovalia.org\/#\/schema\/logo\/image\/","url":"https:\/\/innovalia.org\/wp-content\/uploads\/2016\/04\/logo-asociacion-innovalia-1.png","contentUrl":"https:\/\/innovalia.org\/wp-content\/uploads\/2016\/04\/logo-asociacion-innovalia-1.png","width":220,"height":73,"caption":"Innovalia"},"image":{"@id":"https:\/\/innovalia.org\/#\/schema\/logo\/image\/"},"sameAs":["https:\/\/x.com\/Innovalia_group","https:\/\/www.youtube.com\/user\/innovalia"]}]}},"_links":{"self":[{"href":"https:\/\/innovalia.org\/en\/wp-json\/wp\/v2\/pages\/14234","targetHints":{"allow":["GET"]}}],"collection":[{"href":"https:\/\/innovalia.org\/en\/wp-json\/wp\/v2\/pages"}],"about":[{"href":"https:\/\/innovalia.org\/en\/wp-json\/wp\/v2\/types\/page"}],"author":[{"embeddable":true,"href":"https:\/\/innovalia.org\/en\/wp-json\/wp\/v2\/users\/1"}],"replies":[{"embeddable":true,"href":"https:\/\/innovalia.org\/en\/wp-json\/wp\/v2\/comments?post=14234"}],"version-history":[{"count":6,"href":"https:\/\/innovalia.org\/en\/wp-json\/wp\/v2\/pages\/14234\/revisions"}],"predecessor-version":[{"id":14572,"href":"https:\/\/innovalia.org\/en\/wp-json\/wp\/v2\/pages\/14234\/revisions\/14572"}],"wp:attachment":[{"href":"https:\/\/innovalia.org\/en\/wp-json\/wp\/v2\/media?parent=14234"}],"curies":[{"name":"wp","href":"https:\/\/api.w.org\/{rel}","templated":true}]}}