{"id":14313,"date":"2016-05-18T11:06:06","date_gmt":"2016-05-18T11:06:06","guid":{"rendered":"http:\/\/innovalia.org\/?page_id=14313"},"modified":"2016-05-26T10:26:44","modified_gmt":"2016-05-26T10:26:44","slug":"news_en","status":"publish","type":"page","link":"https:\/\/innovalia.org\/en\/news_en\/","title":{"rendered":"News"},"content":{"rendered":"<div class=\"wpb-content-wrapper\"><p>[vc_row][vc_column]<div class=\"blog blog-style-styled_list2 blog-style-timeline clearfix \"> <article id=\"post-18859\" class=\"post-18859 scalia_news type-scalia_news status-publish has-post-thumbnail hentry\"> <div class=\"item-post-container\"> <div class=\"item-post clearfix\"> <div class=\"post-image\"> <a href=https:\/\/innovalia.org\/en\/news\/jesus-de-la-maza-interview-in-el-correo\/><img loading=\"lazy\" decoding=\"async\" width=\"256\" height=\"256\" src=\"https:\/\/innovalia.org\/wp-content\/uploads\/2021\/06\/jesus_de_la_maza_innovalia_association_el_correo-1-256x256.png\" class=\" wp-post-image\" alt=\"jesus_de_la_maza_innovalia_association_el_correo-1\" srcset=\"https:\/\/innovalia.org\/wp-content\/uploads\/2021\/06\/jesus_de_la_maza_innovalia_association_el_correo-1-256x256.png 256w, https:\/\/innovalia.org\/wp-content\/uploads\/2021\/06\/jesus_de_la_maza_innovalia_association_el_correo-1-150x150.png 150w\" sizes=\"auto, (max-width: 256px) 100vw, 256px\" \/><\/a> <div class=\"post-date-wrapper\"><div class=\"post-date\"><span class=\"entry-date\">June 16, 2021<\/span><span class=\"post-time\"><span>14:11<\/span><\/span><\/div><\/div> <\/div> <div class=\"post-text\"> <header class=\"entry-header\"> <div class=\"entry-title\"><a href=\"https:\/\/innovalia.org\/en\/news\/jesus-de-la-maza-interview-in-el-correo\/\" rel=\"bookmark\">See the interview of Jes\u00fas de la Maza in EL CORREO<\/a><\/div> <div class=\"entry-meta\"> <\/div> <!-- .entry-meta --> <\/header> <!-- .entry-header --> <div class=\"entry-content\"> <p>1. What are the main trends that will mark innovation in the future? We are in what many consider a&#8230;<\/p> <\/div> <div class=\"clearfix entry-info\"> <div class=\"styled-blog-meta\"> <span class=\"read-more-link\"><a href=\"https:\/\/innovalia.org\/en\/news\/jesus-de-la-maza-interview-in-el-correo\/\"> Read more<\/a><\/span> <\/div> <\/div> <\/div> <\/div> <\/div> <\/article><!-- #post-18859 --> <article id=\"post-18332\" class=\"post-18332 scalia_news type-scalia_news status-publish has-post-thumbnail hentry\"> <div class=\"item-post-container\"> <div class=\"item-post clearfix\"> <div class=\"post-image\"> <a href=https:\/\/innovalia.org\/en\/news\/the-innovalia-group-leads-the-adoption-of-advanced-digital-technologies-by-european-manufacturing-smes\/><img loading=\"lazy\" decoding=\"async\" width=\"240\" height=\"240\" src=\"https:\/\/innovalia.org\/wp-content\/uploads\/2020\/07\/Sin-t\u00edtulo.png\" class=\" wp-post-image\" alt=\"\" srcset=\"https:\/\/innovalia.org\/wp-content\/uploads\/2020\/07\/Sin-t\u00edtulo.png 240w, https:\/\/innovalia.org\/wp-content\/uploads\/2020\/07\/Sin-t\u00edtulo-150x150.png 150w\" sizes=\"auto, (max-width: 240px) 100vw, 240px\" \/><\/a> <div class=\"post-date-wrapper\"><div class=\"post-date\"><span class=\"entry-date\">July 24, 2020<\/span><span class=\"post-time\"><span>08:01<\/span><\/span><\/div><\/div> <\/div> <div class=\"post-text\"> <header class=\"entry-header\"> <div class=\"entry-title\"><a href=\"https:\/\/innovalia.org\/en\/news\/the-innovalia-group-leads-the-adoption-of-advanced-digital-technologies-by-european-manufacturing-smes\/\" rel=\"bookmark\">The Innovalia Group leads the adoption of advanced digital technologies by European manufacturing SMEs<\/a><\/div> <div class=\"entry-meta\"> <\/div> <!-- .entry-meta --> <\/header> <!-- .entry-header --> <div class=\"entry-content\"> <p>The DIH-World innovation project was launched on July 10th with the goal of accelerating the development and consolidation of Digital&#8230;<\/p> <\/div> <div class=\"clearfix entry-info\"> <div class=\"styled-blog-meta\"> <span class=\"read-more-link\"><a href=\"https:\/\/innovalia.org\/en\/news\/the-innovalia-group-leads-the-adoption-of-advanced-digital-technologies-by-european-manufacturing-smes\/\"> Read more<\/a><\/span> <\/div> <\/div> <\/div> <\/div> <\/div> <\/article><!-- #post-18332 --> <article id=\"post-18328\" class=\"post-18328 scalia_news type-scalia_news status-publish has-post-thumbnail hentry\"> <div class=\"item-post-container\"> <div class=\"item-post clearfix\"> <div class=\"post-image\"> <a href=https:\/\/innovalia.org\/en\/news\/the-innovalia-group-closed-the-1st-innovalia-week-with-the-celebration-of-the-18th-innovalia-convention-this-time-in-a-virtual-format\/><img loading=\"lazy\" decoding=\"async\" width=\"256\" height=\"256\" src=\"https:\/\/innovalia.org\/wp-content\/uploads\/2020\/07\/21-6b48e892214d1c3c-256x256.png\" class=\" wp-post-image\" alt=\"\" srcset=\"https:\/\/innovalia.org\/wp-content\/uploads\/2020\/07\/21-6b48e892214d1c3c-256x256.png 256w, https:\/\/innovalia.org\/wp-content\/uploads\/2020\/07\/21-6b48e892214d1c3c-300x300.png 300w, https:\/\/innovalia.org\/wp-content\/uploads\/2020\/07\/21-6b48e892214d1c3c-150x150.png 150w, https:\/\/innovalia.org\/wp-content\/uploads\/2020\/07\/21-6b48e892214d1c3c.png 347w\" sizes=\"auto, (max-width: 256px) 100vw, 256px\" \/><\/a> <div class=\"post-date-wrapper\"><div class=\"post-date\"><span class=\"entry-date\">July 22, 2020<\/span><span class=\"post-time\"><span>09:14<\/span><\/span><\/div><\/div> <\/div> <div class=\"post-text\"> <header class=\"entry-header\"> <div class=\"entry-title\"><a href=\"https:\/\/innovalia.org\/en\/news\/the-innovalia-group-closed-the-1st-innovalia-week-with-the-celebration-of-the-18th-innovalia-convention-this-time-in-a-virtual-format\/\" rel=\"bookmark\">The Innovalia Group closed the 1st Innovalia Week with the celebration of the 18th Innovalia Convention, this time in a virtual format<\/a><\/div> <div class=\"entry-meta\"> <\/div> <!-- .entry-meta --> <\/header> <!-- .entry-header --> <div class=\"entry-content\"> <p>The Innovalia Group held the Innovalia Week from July 13th to 17th, a virtual event over a week where the&#8230;<\/p> <\/div> <div class=\"clearfix entry-info\"> <div class=\"styled-blog-meta\"> <span class=\"read-more-link\"><a href=\"https:\/\/innovalia.org\/en\/news\/the-innovalia-group-closed-the-1st-innovalia-week-with-the-celebration-of-the-18th-innovalia-convention-this-time-in-a-virtual-format\/\"> Read more<\/a><\/span> <\/div> <\/div> <\/div> <\/div> <\/div> <\/article><!-- #post-18328 --> <article id=\"post-18293\" class=\"post-18293 scalia_news type-scalia_news status-publish has-post-thumbnail hentry\"> <div class=\"item-post-container\"> <div class=\"item-post clearfix\"> <div class=\"post-image\"> <a href=https:\/\/innovalia.org\/en\/news\/conference-on-industrial-dimensional-metrology-metromeet-is-looking-for-speakers-for-its-17th-edition\/><img loading=\"lazy\" decoding=\"async\" width=\"256\" height=\"256\" src=\"https:\/\/innovalia.org\/wp-content\/uploads\/2020\/07\/1_en-256x256.png\" class=\" wp-post-image\" alt=\"\" srcset=\"https:\/\/innovalia.org\/wp-content\/uploads\/2020\/07\/1_en-256x256.png 256w, https:\/\/innovalia.org\/wp-content\/uploads\/2020\/07\/1_en-300x300.png 300w, https:\/\/innovalia.org\/wp-content\/uploads\/2020\/07\/1_en-150x150.png 150w, https:\/\/innovalia.org\/wp-content\/uploads\/2020\/07\/1_en-768x768.png 768w, https:\/\/innovalia.org\/wp-content\/uploads\/2020\/07\/1_en.png 850w\" sizes=\"auto, (max-width: 256px) 100vw, 256px\" \/><\/a> <div class=\"post-date-wrapper\"><div class=\"post-date\"><span class=\"entry-date\">July 1, 2020<\/span><span class=\"post-time\"><span>10:46<\/span><\/span><\/div><\/div> <\/div> <div class=\"post-text\"> <header class=\"entry-header\"> <div class=\"entry-title\"><a href=\"https:\/\/innovalia.org\/en\/news\/conference-on-industrial-dimensional-metrology-metromeet-is-looking-for-speakers-for-its-17th-edition\/\" rel=\"bookmark\">Conference on industrial dimensional metrology: Metromeet is looking for speakers for its 17th edition<\/a><\/div> <div class=\"entry-meta\"> <\/div> <!-- .entry-meta --> <\/header> <!-- .entry-header --> <div class=\"entry-content\"> <p>Metromeet announces the dates of its 17th edition! The Conference will be held in Bilbao on March 24th, 25th and&#8230;<\/p> <\/div> <div class=\"clearfix entry-info\"> <div class=\"styled-blog-meta\"> <span class=\"read-more-link\"><a href=\"https:\/\/innovalia.org\/en\/news\/conference-on-industrial-dimensional-metrology-metromeet-is-looking-for-speakers-for-its-17th-edition\/\"> Read more<\/a><\/span> <\/div> <\/div> <\/div> <\/div> <\/div> <\/article><!-- #post-18293 --> <article id=\"post-18258\" class=\"post-18258 scalia_news type-scalia_news status-publish has-post-thumbnail hentry\"> <div class=\"item-post-container\"> <div class=\"item-post clearfix\"> <div class=\"post-image\"> <a href=https:\/\/innovalia.org\/en\/news\/free-webinar-business-opportunities-for-digital-transformation-through-the-ecosystem-of-digital-innovation-hub-in-europe\/><img loading=\"lazy\" decoding=\"async\" width=\"256\" height=\"256\" src=\"https:\/\/innovalia.org\/wp-content\/uploads\/2020\/05\/thum-256x256.png\" class=\" wp-post-image\" alt=\"\" srcset=\"https:\/\/innovalia.org\/wp-content\/uploads\/2020\/05\/thum-256x256.png 256w, https:\/\/innovalia.org\/wp-content\/uploads\/2020\/05\/thum-300x300.png 300w, https:\/\/innovalia.org\/wp-content\/uploads\/2020\/05\/thum-150x150.png 150w, https:\/\/innovalia.org\/wp-content\/uploads\/2020\/05\/thum.png 345w\" sizes=\"auto, (max-width: 256px) 100vw, 256px\" \/><\/a> <div class=\"post-date-wrapper\"><div class=\"post-date\"><span class=\"entry-date\">May 8, 2020<\/span><span class=\"post-time\"><span>07:34<\/span><\/span><\/div><\/div> <\/div> <div class=\"post-text\"> <header class=\"entry-header\"> <div class=\"entry-title\"><a href=\"https:\/\/innovalia.org\/en\/news\/free-webinar-business-opportunities-for-digital-transformation-through-the-ecosystem-of-digital-innovation-hub-in-europe\/\" rel=\"bookmark\">FREE WEBINAR: Business opportunities for digital transformation through the ecosystem of digital innovation hub in Europe<\/a><\/div> <div class=\"entry-meta\"> <\/div> <!-- .entry-meta --> <\/header> <!-- .entry-header --> <div class=\"entry-content\"> <p>This webinar will present an updated overview of European activities about DIHs and ecosystem building activities in the different OPEN&#8230;<\/p> <\/div> <div class=\"clearfix entry-info\"> <div class=\"styled-blog-meta\"> <span class=\"read-more-link\"><a href=\"https:\/\/innovalia.org\/en\/news\/free-webinar-business-opportunities-for-digital-transformation-through-the-ecosystem-of-digital-innovation-hub-in-europe\/\"> Read more<\/a><\/span> <\/div> <\/div> <\/div> <\/div> <\/div> <\/article><!-- #post-18258 -->\n<\/div>\t<div class=\"sc-pagination\"> <span aria-current=\"page\" class=\"page-numbers current\">1<\/span>\n<a class=\"page-numbers\" href=\"https:\/\/innovalia.org\/en\/wp-json\/wp\/v2\/pages\/14313\/page\/2\/\">2<\/a>\n<span class=\"page-numbers dots\">&hellip;<\/span>\n<a class=\"page-numbers\" href=\"https:\/\/innovalia.org\/en\/wp-json\/wp\/v2\/pages\/14313\/page\/9\/\">9<\/a>\n<a class=\"next page-numbers\" href=\"https:\/\/innovalia.org\/en\/wp-json\/wp\/v2\/pages\/14313\/page\/2\/\">Next<\/a>\t<\/div><!-- .pagination -->[\/vc_column][\/vc_row][vc_row][vc_column]<div class=\"fullwidth-block clearfix styled-marker-top\" style=\"background-image: url(https:\/\/innovalia.org\/wp-content\/uploads\/2014\/10\/cta2.jpg);background-repeat: no-repeat; background-size: cover;background-position: center top;padding-top: 100px;padding-bottom: 100px;\"><div class=\"centered-box\"><div class=\"lazy-loading\"><a class=\"sc-button lazy-loading-item\" data-ll-effect=\"drop-right-without-wrap\" href=\"http:\/\/innovalia.org\/en\/events\/\" target=\"_self\" style=\"color: #ffffff;background-color: #ffb279;\">EVENTS<\/a><\/div><\/div><\/div><div class=\"clearboth\"><\/div><div class=\"sc-divider\" style=\"margin-top: -120px;\"><\/div>[\/vc_column][\/vc_row]<\/p>\n<\/div>","protected":false},"excerpt":{"rendered":"<p>[vc_row][vc_column][\/vc_column][\/vc_row][vc_row][vc_column][\/vc_column][\/vc_row]<\/p>\n","protected":false},"author":1,"featured_media":0,"parent":0,"menu_order":0,"comment_status":"closed","ping_status":"closed","template":"","meta":{"footnotes":""},"class_list":["post-14313","page","type-page","status-publish","hentry"],"yoast_head":"<!-- This site is optimized with the Yoast SEO plugin v27.4 - https:\/\/yoast.com\/product\/yoast-seo-wordpress\/ -->\n<title>News - Innovalia Association<\/title>\n<meta name=\"robots\" content=\"index, follow, max-snippet:-1, max-image-preview:large, max-video-preview:-1\" \/>\n<link rel=\"canonical\" href=\"https:\/\/innovalia.org\/en\/news_en\/\" \/>\n<meta property=\"og:locale\" content=\"en_US\" \/>\n<meta property=\"og:type\" content=\"article\" \/>\n<meta property=\"og:title\" content=\"News - Innovalia Association\" \/>\n<meta property=\"og:description\" content=\"[vc_row][vc_column][\/vc_column][\/vc_row][vc_row][vc_column][\/vc_column][\/vc_row]\" \/>\n<meta property=\"og:url\" content=\"https:\/\/innovalia.org\/en\/news_en\/\" \/>\n<meta property=\"og:site_name\" content=\"Innovalia Association\" \/>\n<meta property=\"article:modified_time\" content=\"2016-05-26T10:26:44+00:00\" \/>\n<meta name=\"twitter:card\" content=\"summary_large_image\" \/>\n<meta name=\"twitter:site\" content=\"@Innovalia_group\" \/>\n<script type=\"application\/ld+json\" class=\"yoast-schema-graph\">{\"@context\":\"https:\\\/\\\/schema.org\",\"@graph\":[{\"@type\":\"WebPage\",\"@id\":\"https:\\\/\\\/innovalia.org\\\/en\\\/news_en\\\/\",\"url\":\"https:\\\/\\\/innovalia.org\\\/en\\\/news_en\\\/\",\"name\":\"News - Innovalia Association\",\"isPartOf\":{\"@id\":\"https:\\\/\\\/innovalia.org\\\/#website\"},\"datePublished\":\"2016-05-18T11:06:06+00:00\",\"dateModified\":\"2016-05-26T10:26:44+00:00\",\"breadcrumb\":{\"@id\":\"https:\\\/\\\/innovalia.org\\\/en\\\/news_en\\\/#breadcrumb\"},\"inLanguage\":\"en-US\",\"potentialAction\":[{\"@type\":\"ReadAction\",\"target\":[\"https:\\\/\\\/innovalia.org\\\/en\\\/news_en\\\/\"]}]},{\"@type\":\"BreadcrumbList\",\"@id\":\"https:\\\/\\\/innovalia.org\\\/en\\\/news_en\\\/#breadcrumb\",\"itemListElement\":[{\"@type\":\"ListItem\",\"position\":1,\"name\":\"Portada\",\"item\":\"https:\\\/\\\/innovalia.org\\\/en\\\/\"},{\"@type\":\"ListItem\",\"position\":2,\"name\":\"News\"}]},{\"@type\":\"WebSite\",\"@id\":\"https:\\\/\\\/innovalia.org\\\/#website\",\"url\":\"https:\\\/\\\/innovalia.org\\\/\",\"name\":\"Innovalia Association\",\"description\":\"La Asociaci\u00f3n Innovalia es un Centro Tecnol\u00f3gico privado e independiente que tiene como principal prop\u00f3sito fomentar la innovaci\u00f3n tecnol\u00f3gica en las peque\u00f1as y medianas empresas.\",\"publisher\":{\"@id\":\"https:\\\/\\\/innovalia.org\\\/#organization\"},\"potentialAction\":[{\"@type\":\"SearchAction\",\"target\":{\"@type\":\"EntryPoint\",\"urlTemplate\":\"https:\\\/\\\/innovalia.org\\\/?s={search_term_string}\"},\"query-input\":{\"@type\":\"PropertyValueSpecification\",\"valueRequired\":true,\"valueName\":\"search_term_string\"}}],\"inLanguage\":\"en-US\"},{\"@type\":\"Organization\",\"@id\":\"https:\\\/\\\/innovalia.org\\\/#organization\",\"name\":\"Innovalia\",\"url\":\"https:\\\/\\\/innovalia.org\\\/\",\"logo\":{\"@type\":\"ImageObject\",\"inLanguage\":\"en-US\",\"@id\":\"https:\\\/\\\/innovalia.org\\\/#\\\/schema\\\/logo\\\/image\\\/\",\"url\":\"https:\\\/\\\/innovalia.org\\\/wp-content\\\/uploads\\\/2016\\\/04\\\/logo-asociacion-innovalia-1.png\",\"contentUrl\":\"https:\\\/\\\/innovalia.org\\\/wp-content\\\/uploads\\\/2016\\\/04\\\/logo-asociacion-innovalia-1.png\",\"width\":220,\"height\":73,\"caption\":\"Innovalia\"},\"image\":{\"@id\":\"https:\\\/\\\/innovalia.org\\\/#\\\/schema\\\/logo\\\/image\\\/\"},\"sameAs\":[\"https:\\\/\\\/x.com\\\/Innovalia_group\",\"https:\\\/\\\/www.youtube.com\\\/user\\\/innovalia\"]}]}<\/script>\n<!-- \/ Yoast SEO plugin. -->","yoast_head_json":{"title":"News - Innovalia Association","robots":{"index":"index","follow":"follow","max-snippet":"max-snippet:-1","max-image-preview":"max-image-preview:large","max-video-preview":"max-video-preview:-1"},"canonical":"https:\/\/innovalia.org\/en\/news_en\/","og_locale":"en_US","og_type":"article","og_title":"News - Innovalia Association","og_description":"[vc_row][vc_column][\/vc_column][\/vc_row][vc_row][vc_column][\/vc_column][\/vc_row]","og_url":"https:\/\/innovalia.org\/en\/news_en\/","og_site_name":"Innovalia Association","article_modified_time":"2016-05-26T10:26:44+00:00","twitter_card":"summary_large_image","twitter_site":"@Innovalia_group","schema":{"@context":"https:\/\/schema.org","@graph":[{"@type":"WebPage","@id":"https:\/\/innovalia.org\/en\/news_en\/","url":"https:\/\/innovalia.org\/en\/news_en\/","name":"News - Innovalia Association","isPartOf":{"@id":"https:\/\/innovalia.org\/#website"},"datePublished":"2016-05-18T11:06:06+00:00","dateModified":"2016-05-26T10:26:44+00:00","breadcrumb":{"@id":"https:\/\/innovalia.org\/en\/news_en\/#breadcrumb"},"inLanguage":"en-US","potentialAction":[{"@type":"ReadAction","target":["https:\/\/innovalia.org\/en\/news_en\/"]}]},{"@type":"BreadcrumbList","@id":"https:\/\/innovalia.org\/en\/news_en\/#breadcrumb","itemListElement":[{"@type":"ListItem","position":1,"name":"Portada","item":"https:\/\/innovalia.org\/en\/"},{"@type":"ListItem","position":2,"name":"News"}]},{"@type":"WebSite","@id":"https:\/\/innovalia.org\/#website","url":"https:\/\/innovalia.org\/","name":"Innovalia Association","description":"La Asociaci\u00f3n Innovalia es un Centro Tecnol\u00f3gico privado e independiente que tiene como principal prop\u00f3sito fomentar la innovaci\u00f3n tecnol\u00f3gica en las peque\u00f1as y medianas empresas.","publisher":{"@id":"https:\/\/innovalia.org\/#organization"},"potentialAction":[{"@type":"SearchAction","target":{"@type":"EntryPoint","urlTemplate":"https:\/\/innovalia.org\/?s={search_term_string}"},"query-input":{"@type":"PropertyValueSpecification","valueRequired":true,"valueName":"search_term_string"}}],"inLanguage":"en-US"},{"@type":"Organization","@id":"https:\/\/innovalia.org\/#organization","name":"Innovalia","url":"https:\/\/innovalia.org\/","logo":{"@type":"ImageObject","inLanguage":"en-US","@id":"https:\/\/innovalia.org\/#\/schema\/logo\/image\/","url":"https:\/\/innovalia.org\/wp-content\/uploads\/2016\/04\/logo-asociacion-innovalia-1.png","contentUrl":"https:\/\/innovalia.org\/wp-content\/uploads\/2016\/04\/logo-asociacion-innovalia-1.png","width":220,"height":73,"caption":"Innovalia"},"image":{"@id":"https:\/\/innovalia.org\/#\/schema\/logo\/image\/"},"sameAs":["https:\/\/x.com\/Innovalia_group","https:\/\/www.youtube.com\/user\/innovalia"]}]}},"_links":{"self":[{"href":"https:\/\/innovalia.org\/en\/wp-json\/wp\/v2\/pages\/14313","targetHints":{"allow":["GET"]}}],"collection":[{"href":"https:\/\/innovalia.org\/en\/wp-json\/wp\/v2\/pages"}],"about":[{"href":"https:\/\/innovalia.org\/en\/wp-json\/wp\/v2\/types\/page"}],"author":[{"embeddable":true,"href":"https:\/\/innovalia.org\/en\/wp-json\/wp\/v2\/users\/1"}],"replies":[{"embeddable":true,"href":"https:\/\/innovalia.org\/en\/wp-json\/wp\/v2\/comments?post=14313"}],"version-history":[{"count":3,"href":"https:\/\/innovalia.org\/en\/wp-json\/wp\/v2\/pages\/14313\/revisions"}],"predecessor-version":[{"id":14530,"href":"https:\/\/innovalia.org\/en\/wp-json\/wp\/v2\/pages\/14313\/revisions\/14530"}],"wp:attachment":[{"href":"https:\/\/innovalia.org\/en\/wp-json\/wp\/v2\/media?parent=14313"}],"curies":[{"name":"wp","href":"https:\/\/api.w.org\/{rel}","templated":true}]}}