{"id":15924,"date":"2016-05-04T16:26:40","date_gmt":"2016-05-04T16:26:40","guid":{"rendered":"https:\/\/innovalia.org\/_proyectos\/"},"modified":"2024-03-19T22:29:06","modified_gmt":"2024-03-19T22:29:06","slug":"projects","status":"publish","type":"page","link":"https:\/\/innovalia.org\/en\/projects\/","title":{"rendered":"Projects"},"content":{"rendered":"<div class=\"wpb-content-wrapper\"><p>[vc_row][vc_column]<div class=\"preloader\"><\/div> <div class=\"portfolio-preloader-wrapper\"> <div class=\"row\"> <div data-per-page=\"8\" data-portfolio-uid=\"e79a227\" class=\"portfolio columns-4 without-padding no-padding col-lg-12 col-md-12 col-sm-12 hover-default\" data-hover=\"default\" data-next-page=\"2\"> <div class=\"portfilio-top-panel clearfix\"> <div class=\"portfolio-filters without-count\"> <a href=\"#\" data-filter=\"*\" class=\"active all\"><span class=\"icon\">&#xe628;<\/span>Show All<\/a> <a href=\"#\" data-filter=\".bigdata\">BigData<\/a> <a href=\"#\" data-filter=\".cybersecurity-en-3\">Cybersecurity<\/a> <a href=\"#\" data-filter=\".metrology-manufacturing-en-3\">Metrology &amp; Manufacturing<\/a> <a href=\"#\" data-filter=\".digital-business-innovation-en\">Digital Business Innovation<\/a> <a href=\"#\" data-filter=\".embedded-systems-and-interoperability-en\">Embedded Systems<\/a> <\/div> <div class=\"portfolio-filters-resp\"> <button class=\"menu-toggle dl-trigger\">Portfolio filters<\/button> <ul class=\"dl-menu\"> <li><a href=\"#\" data-filter=\"*\"><\/span>Show All<\/a><\/li> <li><a href=\"#\" data-filter=\".bigdata\">BigData<\/a><\/li> <li><a href=\"#\" data-filter=\".cybersecurity-en-3\">Cybersecurity<\/a><\/li> <li><a href=\"#\" data-filter=\".metrology-manufacturing-en-3\">Metrology &amp; Manufacturing<\/a><\/li> <li><a href=\"#\" data-filter=\".digital-business-innovation-en\">Digital Business Innovation<\/a><\/li> <li><a href=\"#\" data-filter=\".embedded-systems-and-interoperability-en\">Embedded Systems<\/a><\/li> <\/ul> <\/div> <\/div> <div class=\"\"> <div class=\"portfolio-set col-lg-12 col-md-12 col-sm-12 clearfix\"> <div class=\"portfolio-item bigdata dataspaces-en col-lg-3 col-md-3 col-sm-4 col-xs-6 post-19317 scalia_pf_item type-scalia_pf_item status-publish has-post-thumbnail hentry\" > <div class=\"wrap clearfix\"> <div class=\"image post-19317 scalia_pf_item type-scalia_pf_item status-publish has-post-thumbnail hentry\"> <div class=\"image-inner\"> <img loading=\"lazy\" decoding=\"async\" src=\"https:\/\/innovalia.org\/wp-content\/uploads\/2024\/03\/enact_min-1-scaled-scalia-portfolio-justified.jpg\" width=\"754\" height=\"500\" alt=\"ENACT\" \/> <\/div> <div class=\"overlay\"> <a href=\"https:\/\/innovalia.org\/en\/portfolios\/enact\/\" target=\"_self\" class=\"portolio-item-link self-link \"><\/a> <div class=\"links-wrapper\"> <div class=\"links\"> <a href=\"https:\/\/innovalia.org\/en\/portfolios\/enact\/\" target=\"_self\" class=\"icon self-link \"><\/a> <div class=\"overlay-line\"><\/div> <\/div> <\/div> <\/div> <\/div> <div class=\"caption post-19317 scalia_pf_item type-scalia_pf_item status-publish has-post-thumbnail hentry\"> <div class=\"title\"> ENACT <\/div> <\/div> <\/div> <\/div> <div class=\"portfolio-item digital-business-innovation-en dbi col-lg-3 col-md-3 col-sm-4 col-xs-6 post-19801 scalia_pf_item type-scalia_pf_item status-publish has-post-thumbnail hentry\" > <div class=\"wrap clearfix\"> <div class=\"image post-19801 scalia_pf_item type-scalia_pf_item status-publish has-post-thumbnail hentry\"> <div class=\"image-inner\"> <img loading=\"lazy\" decoding=\"async\" src=\"https:\/\/innovalia.org\/wp-content\/uploads\/2026\/02\/view-fish-farms-scotland-united-kingdom-scalia-portfolio-justified.webp\" width=\"754\" height=\"500\" alt=\"UPWELLING\" \/> <\/div> <div class=\"overlay\"> <a href=\"https:\/\/innovalia.org\/en\/portfolios\/upwelling\/\" target=\"_self\" class=\"portolio-item-link self-link \"><\/a> <div class=\"links-wrapper\"> <div class=\"links\"> <a href=\"https:\/\/innovalia.org\/en\/portfolios\/upwelling\/\" target=\"_self\" class=\"icon self-link \"><\/a> <div class=\"overlay-line\"><\/div> <\/div> <\/div> <\/div> <\/div> <div class=\"caption post-19801 scalia_pf_item type-scalia_pf_item status-publish has-post-thumbnail hentry\"> <div class=\"title\"> UPWELLING <\/div> <\/div> <\/div> <\/div> <div class=\"portfolio-item bigdata dataspaces-en col-lg-3 col-md-3 col-sm-4 col-xs-6 post-19311 scalia_pf_item type-scalia_pf_item status-publish has-post-thumbnail hentry\" > <div class=\"wrap clearfix\"> <div class=\"image post-19311 scalia_pf_item type-scalia_pf_item status-publish has-post-thumbnail hentry\"> <div class=\"image-inner\"> <img loading=\"lazy\" decoding=\"async\" src=\"https:\/\/innovalia.org\/wp-content\/uploads\/2024\/03\/RE4DY-01-1-scalia-portfolio-justified.png\" width=\"754\" height=\"500\" alt=\"RE4DY\" \/> <\/div> <div class=\"overlay\"> <a href=\"https:\/\/innovalia.org\/en\/portfolios\/re4dy\/\" target=\"_self\" class=\"portolio-item-link self-link \"><\/a> <div class=\"links-wrapper\"> <div class=\"links\"> <a href=\"https:\/\/innovalia.org\/en\/portfolios\/re4dy\/\" target=\"_self\" class=\"icon self-link \"><\/a> <div class=\"overlay-line\"><\/div> <\/div> <\/div> <\/div> <\/div> <div class=\"caption post-19311 scalia_pf_item type-scalia_pf_item status-publish has-post-thumbnail hentry\"> <div class=\"title\"> RE4DY <\/div> <\/div> <\/div> <\/div> <div class=\"portfolio-item bigdata-en bigdata col-lg-3 col-md-3 col-sm-4 col-xs-6 post-19304 scalia_pf_item type-scalia_pf_item status-publish has-post-thumbnail hentry\" > <div class=\"wrap clearfix\"> <div class=\"image post-19304 scalia_pf_item type-scalia_pf_item status-publish has-post-thumbnail hentry\"> <div class=\"image-inner\"> <img loading=\"lazy\" decoding=\"async\" src=\"https:\/\/innovalia.org\/wp-content\/uploads\/2024\/03\/sm4rtenance_min-scaled-scalia-portfolio-justified.jpg\" width=\"754\" height=\"500\" alt=\"SM4RTENANCE\" \/> <\/div> <div class=\"overlay\"> <a href=\"https:\/\/innovalia.org\/en\/portfolios\/sm4rtenance\/\" target=\"_self\" class=\"portolio-item-link self-link \"><\/a> <div class=\"links-wrapper\"> <div class=\"links\"> <a href=\"https:\/\/innovalia.org\/en\/portfolios\/sm4rtenance\/\" target=\"_self\" class=\"icon self-link \"><\/a> <div class=\"overlay-line\"><\/div> <\/div> <\/div> <\/div> <\/div> <div class=\"caption post-19304 scalia_pf_item type-scalia_pf_item status-publish has-post-thumbnail hentry\"> <div class=\"title\"> SM4RTENANCE <\/div> <\/div> <\/div> <\/div> <div class=\"portfolio-item bigdata dataspaces-en col-lg-3 col-md-3 col-sm-4 col-xs-6 post-19190 scalia_pf_item type-scalia_pf_item status-publish has-post-thumbnail hentry\" > <div class=\"wrap clearfix\"> <div class=\"image post-19190 scalia_pf_item type-scalia_pf_item status-publish has-post-thumbnail hentry\"> <div class=\"image-inner\"> <img loading=\"lazy\" decoding=\"async\" src=\"https:\/\/innovalia.org\/wp-content\/uploads\/2024\/03\/tems_min-scalia-portfolio-justified.jpg\" width=\"754\" height=\"500\" alt=\"TEMS\" \/> <\/div> <div class=\"overlay\"> <a href=\"https:\/\/innovalia.org\/en\/portfolios\/tems\/\" target=\"_self\" class=\"portolio-item-link self-link \"><\/a> <div class=\"links-wrapper\"> <div class=\"links\"> <a href=\"https:\/\/innovalia.org\/en\/portfolios\/tems\/\" target=\"_self\" class=\"icon self-link \"><\/a> <div class=\"overlay-line\"><\/div> <\/div> <\/div> <\/div> <\/div> <div class=\"caption post-19190 scalia_pf_item type-scalia_pf_item status-publish has-post-thumbnail hentry\"> <div class=\"title\"> TEMS <\/div> <\/div> <\/div> <\/div> <div class=\"portfolio-item bigdata dataspaces-en col-lg-3 col-md-3 col-sm-4 col-xs-6 post-19136 scalia_pf_item type-scalia_pf_item status-publish has-post-thumbnail hentry\" > <div class=\"wrap clearfix\"> <div class=\"image post-19136 scalia_pf_item type-scalia_pf_item status-publish has-post-thumbnail hentry\"> <div class=\"image-inner\"> <img loading=\"lazy\" decoding=\"async\" src=\"https:\/\/innovalia.org\/wp-content\/uploads\/2024\/03\/virtual-display-digital-information-with-notebook-scaled-scalia-portfolio-justified.jpg\" width=\"754\" height=\"500\" alt=\"DataSpace 4.0\" \/> <\/div> <div class=\"overlay\"> <a href=\"https:\/\/innovalia.org\/en\/portfolios\/dataspace-4-0\/\" target=\"_self\" class=\"portolio-item-link self-link \"><\/a> <div class=\"links-wrapper\"> <div class=\"links\"> <a href=\"https:\/\/innovalia.org\/en\/portfolios\/dataspace-4-0\/\" target=\"_self\" class=\"icon self-link \"><\/a> <div class=\"overlay-line\"><\/div> <\/div> <\/div> <\/div> <\/div> <div class=\"caption post-19136 scalia_pf_item type-scalia_pf_item status-publish has-post-thumbnail hentry\"> <div class=\"title\"> DataSpace 4.0 <\/div> <\/div> <\/div> <\/div> <div class=\"portfolio-item bigdata col-lg-3 col-md-3 col-sm-4 col-xs-6 post-19754 scalia_pf_item type-scalia_pf_item status-publish has-post-thumbnail hentry\" > <div class=\"wrap clearfix\"> <div class=\"image post-19754 scalia_pf_item type-scalia_pf_item status-publish has-post-thumbnail hentry\"> <div class=\"image-inner\"> <img loading=\"lazy\" decoding=\"async\" src=\"https:\/\/innovalia.org\/wp-content\/uploads\/2025\/12\/paisaje-verde-y-azul-con-rio-y-molinos-de-viento-1-scaled-scalia-portfolio-justified.jpg\" width=\"754\" height=\"500\" alt=\"LIFE-NITRAZENS\" \/> <\/div> <div class=\"overlay\"> <a href=\"https:\/\/innovalia.org\/en\/portfolios\/life-nitrazens\/\" target=\"_self\" class=\"portolio-item-link self-link \"><\/a> <div class=\"links-wrapper\"> <div class=\"links\"> <a href=\"https:\/\/innovalia.org\/en\/portfolios\/life-nitrazens\/\" target=\"_self\" class=\"icon self-link \"><\/a> <div class=\"overlay-line\"><\/div> <\/div> <\/div> <\/div> <\/div> <div class=\"caption post-19754 scalia_pf_item type-scalia_pf_item status-publish has-post-thumbnail hentry\"> <div class=\"title\"> LIFE-NITRAZENS <\/div> <\/div> <\/div> <\/div> <div class=\"portfolio-item life-acclimate-en bigdata col-lg-3 col-md-3 col-sm-4 col-xs-6 post-19653 scalia_pf_item type-scalia_pf_item status-publish has-post-thumbnail hentry\" > <div class=\"wrap clearfix\"> <div class=\"image post-19653 scalia_pf_item type-scalia_pf_item status-publish has-post-thumbnail hentry\"> <div class=\"image-inner\"> <img loading=\"lazy\" decoding=\"async\" src=\"https:\/\/innovalia.org\/wp-content\/uploads\/2025\/01\/9532-scalia-portfolio-justified.jpg\" width=\"754\" height=\"500\" alt=\"LIFE-ACCLIMATE\" \/> <\/div> <div class=\"overlay\"> <a href=\"https:\/\/innovalia.org\/en\/portfolios\/life-acclimate\/\" target=\"_self\" class=\"portolio-item-link self-link \"><\/a> <div class=\"links-wrapper\"> <div class=\"links\"> <a href=\"https:\/\/innovalia.org\/en\/portfolios\/life-acclimate\/\" target=\"_self\" class=\"icon self-link \"><\/a> <div class=\"overlay-line\"><\/div> <\/div> <\/div> <\/div> <\/div> <div class=\"caption post-19653 scalia_pf_item type-scalia_pf_item status-publish has-post-thumbnail hentry\"> <div class=\"title\"> LIFE-ACCLIMATE <\/div> <\/div> <\/div> <\/div> <\/div> <div class=\"portfolio-load-more col-lg-12\"> <div class=\"inner col-lg-12\"> <div class=\"sc-button-with-separator\"><div class=\"sc-button-sep-holder\"><div class=\"sc-button-separator sc-button-separator-double\"><\/div><\/div><div class=\"sc-button-sep-button\"><div class=\"centered-box\"><button class=\"sc-button\">Load more<\/button><\/div><\/div><div class=\"sc-button-sep-holder\"><div class=\"sc-button-separator sc-button-separator-double\"><\/div><\/div><\/div> <\/div> <\/div> <\/div> <\/div> <\/div> <\/div>[\/vc_column][\/vc_row]<\/p>\n<\/div>","protected":false},"excerpt":{"rendered":"<p>[vc_row][vc_column][\/vc_column][\/vc_row]<\/p>\n","protected":false},"author":1,"featured_media":0,"parent":0,"menu_order":0,"comment_status":"closed","ping_status":"closed","template":"","meta":{"footnotes":""},"class_list":["post-15924","page","type-page","status-publish","hentry"],"yoast_head":"<!-- This site is optimized with the Yoast SEO plugin v27.4 - https:\/\/yoast.com\/product\/yoast-seo-wordpress\/ -->\n<title>Projects - Innovalia Association<\/title>\n<meta name=\"robots\" content=\"index, follow, max-snippet:-1, max-image-preview:large, max-video-preview:-1\" \/>\n<link rel=\"canonical\" href=\"https:\/\/innovalia.org\/en\/projects\/\" \/>\n<meta property=\"og:locale\" content=\"en_US\" \/>\n<meta property=\"og:type\" content=\"article\" \/>\n<meta property=\"og:title\" content=\"Projects - Innovalia Association\" \/>\n<meta property=\"og:description\" content=\"[vc_row][vc_column][\/vc_column][\/vc_row]\" \/>\n<meta property=\"og:url\" content=\"https:\/\/innovalia.org\/en\/projects\/\" \/>\n<meta property=\"og:site_name\" content=\"Innovalia Association\" \/>\n<meta property=\"article:modified_time\" content=\"2024-03-19T22:29:06+00:00\" \/>\n<meta name=\"twitter:card\" content=\"summary_large_image\" \/>\n<meta name=\"twitter:site\" content=\"@Innovalia_group\" \/>\n<meta name=\"twitter:label1\" content=\"Est. reading time\" \/>\n\t<meta name=\"twitter:data1\" content=\"1 minute\" \/>\n<script type=\"application\/ld+json\" class=\"yoast-schema-graph\">{\"@context\":\"https:\\\/\\\/schema.org\",\"@graph\":[{\"@type\":\"WebPage\",\"@id\":\"https:\\\/\\\/innovalia.org\\\/en\\\/projects\\\/\",\"url\":\"https:\\\/\\\/innovalia.org\\\/en\\\/projects\\\/\",\"name\":\"Projects - Innovalia Association\",\"isPartOf\":{\"@id\":\"https:\\\/\\\/innovalia.org\\\/#website\"},\"datePublished\":\"2016-05-04T16:26:40+00:00\",\"dateModified\":\"2024-03-19T22:29:06+00:00\",\"breadcrumb\":{\"@id\":\"https:\\\/\\\/innovalia.org\\\/en\\\/projects\\\/#breadcrumb\"},\"inLanguage\":\"en-US\",\"potentialAction\":[{\"@type\":\"ReadAction\",\"target\":[\"https:\\\/\\\/innovalia.org\\\/en\\\/projects\\\/\"]}]},{\"@type\":\"BreadcrumbList\",\"@id\":\"https:\\\/\\\/innovalia.org\\\/en\\\/projects\\\/#breadcrumb\",\"itemListElement\":[{\"@type\":\"ListItem\",\"position\":1,\"name\":\"Portada\",\"item\":\"https:\\\/\\\/innovalia.org\\\/en\\\/\"},{\"@type\":\"ListItem\",\"position\":2,\"name\":\"Projects\"}]},{\"@type\":\"WebSite\",\"@id\":\"https:\\\/\\\/innovalia.org\\\/#website\",\"url\":\"https:\\\/\\\/innovalia.org\\\/\",\"name\":\"Innovalia Association\",\"description\":\"La Asociaci\u00f3n Innovalia es un Centro Tecnol\u00f3gico privado e independiente que tiene como principal prop\u00f3sito fomentar la innovaci\u00f3n tecnol\u00f3gica en las peque\u00f1as y medianas empresas.\",\"publisher\":{\"@id\":\"https:\\\/\\\/innovalia.org\\\/#organization\"},\"potentialAction\":[{\"@type\":\"SearchAction\",\"target\":{\"@type\":\"EntryPoint\",\"urlTemplate\":\"https:\\\/\\\/innovalia.org\\\/?s={search_term_string}\"},\"query-input\":{\"@type\":\"PropertyValueSpecification\",\"valueRequired\":true,\"valueName\":\"search_term_string\"}}],\"inLanguage\":\"en-US\"},{\"@type\":\"Organization\",\"@id\":\"https:\\\/\\\/innovalia.org\\\/#organization\",\"name\":\"Innovalia\",\"url\":\"https:\\\/\\\/innovalia.org\\\/\",\"logo\":{\"@type\":\"ImageObject\",\"inLanguage\":\"en-US\",\"@id\":\"https:\\\/\\\/innovalia.org\\\/#\\\/schema\\\/logo\\\/image\\\/\",\"url\":\"https:\\\/\\\/innovalia.org\\\/wp-content\\\/uploads\\\/2016\\\/04\\\/logo-asociacion-innovalia-1.png\",\"contentUrl\":\"https:\\\/\\\/innovalia.org\\\/wp-content\\\/uploads\\\/2016\\\/04\\\/logo-asociacion-innovalia-1.png\",\"width\":220,\"height\":73,\"caption\":\"Innovalia\"},\"image\":{\"@id\":\"https:\\\/\\\/innovalia.org\\\/#\\\/schema\\\/logo\\\/image\\\/\"},\"sameAs\":[\"https:\\\/\\\/x.com\\\/Innovalia_group\",\"https:\\\/\\\/www.youtube.com\\\/user\\\/innovalia\"]}]}<\/script>\n<!-- \/ Yoast SEO plugin. -->","yoast_head_json":{"title":"Projects - Innovalia Association","robots":{"index":"index","follow":"follow","max-snippet":"max-snippet:-1","max-image-preview":"max-image-preview:large","max-video-preview":"max-video-preview:-1"},"canonical":"https:\/\/innovalia.org\/en\/projects\/","og_locale":"en_US","og_type":"article","og_title":"Projects - Innovalia Association","og_description":"[vc_row][vc_column][\/vc_column][\/vc_row]","og_url":"https:\/\/innovalia.org\/en\/projects\/","og_site_name":"Innovalia Association","article_modified_time":"2024-03-19T22:29:06+00:00","twitter_card":"summary_large_image","twitter_site":"@Innovalia_group","twitter_misc":{"Est. reading time":"1 minute"},"schema":{"@context":"https:\/\/schema.org","@graph":[{"@type":"WebPage","@id":"https:\/\/innovalia.org\/en\/projects\/","url":"https:\/\/innovalia.org\/en\/projects\/","name":"Projects - Innovalia Association","isPartOf":{"@id":"https:\/\/innovalia.org\/#website"},"datePublished":"2016-05-04T16:26:40+00:00","dateModified":"2024-03-19T22:29:06+00:00","breadcrumb":{"@id":"https:\/\/innovalia.org\/en\/projects\/#breadcrumb"},"inLanguage":"en-US","potentialAction":[{"@type":"ReadAction","target":["https:\/\/innovalia.org\/en\/projects\/"]}]},{"@type":"BreadcrumbList","@id":"https:\/\/innovalia.org\/en\/projects\/#breadcrumb","itemListElement":[{"@type":"ListItem","position":1,"name":"Portada","item":"https:\/\/innovalia.org\/en\/"},{"@type":"ListItem","position":2,"name":"Projects"}]},{"@type":"WebSite","@id":"https:\/\/innovalia.org\/#website","url":"https:\/\/innovalia.org\/","name":"Innovalia Association","description":"La Asociaci\u00f3n Innovalia es un Centro Tecnol\u00f3gico privado e independiente que tiene como principal prop\u00f3sito fomentar la innovaci\u00f3n tecnol\u00f3gica en las peque\u00f1as y medianas empresas.","publisher":{"@id":"https:\/\/innovalia.org\/#organization"},"potentialAction":[{"@type":"SearchAction","target":{"@type":"EntryPoint","urlTemplate":"https:\/\/innovalia.org\/?s={search_term_string}"},"query-input":{"@type":"PropertyValueSpecification","valueRequired":true,"valueName":"search_term_string"}}],"inLanguage":"en-US"},{"@type":"Organization","@id":"https:\/\/innovalia.org\/#organization","name":"Innovalia","url":"https:\/\/innovalia.org\/","logo":{"@type":"ImageObject","inLanguage":"en-US","@id":"https:\/\/innovalia.org\/#\/schema\/logo\/image\/","url":"https:\/\/innovalia.org\/wp-content\/uploads\/2016\/04\/logo-asociacion-innovalia-1.png","contentUrl":"https:\/\/innovalia.org\/wp-content\/uploads\/2016\/04\/logo-asociacion-innovalia-1.png","width":220,"height":73,"caption":"Innovalia"},"image":{"@id":"https:\/\/innovalia.org\/#\/schema\/logo\/image\/"},"sameAs":["https:\/\/x.com\/Innovalia_group","https:\/\/www.youtube.com\/user\/innovalia"]}]}},"_links":{"self":[{"href":"https:\/\/innovalia.org\/en\/wp-json\/wp\/v2\/pages\/15924","targetHints":{"allow":["GET"]}}],"collection":[{"href":"https:\/\/innovalia.org\/en\/wp-json\/wp\/v2\/pages"}],"about":[{"href":"https:\/\/innovalia.org\/en\/wp-json\/wp\/v2\/types\/page"}],"author":[{"embeddable":true,"href":"https:\/\/innovalia.org\/en\/wp-json\/wp\/v2\/users\/1"}],"replies":[{"embeddable":true,"href":"https:\/\/innovalia.org\/en\/wp-json\/wp\/v2\/comments?post=15924"}],"version-history":[{"count":2,"href":"https:\/\/innovalia.org\/en\/wp-json\/wp\/v2\/pages\/15924\/revisions"}],"predecessor-version":[{"id":19323,"href":"https:\/\/innovalia.org\/en\/wp-json\/wp\/v2\/pages\/15924\/revisions\/19323"}],"wp:attachment":[{"href":"https:\/\/innovalia.org\/en\/wp-json\/wp\/v2\/media?parent=15924"}],"curies":[{"name":"wp","href":"https:\/\/api.w.org\/{rel}","templated":true}]}}