{"id":19040,"date":"2016-05-02T11:07:05","date_gmt":"2016-05-02T11:07:05","guid":{"rendered":"https:\/\/innovalia.org\/politica-de-privacidad\/"},"modified":"2023-10-25T09:10:32","modified_gmt":"2023-10-25T09:10:32","slug":"privacy-policy","status":"publish","type":"page","link":"https:\/\/innovalia.org\/en\/privacy-policy\/","title":{"rendered":"Privacy policy"},"content":{"rendered":"\n<div\n    class='wp-block-pdfp-pdf-poster  alignnone'\n    id='block-2'\n    data-attributes='{&quot;uniqueId&quot;:&quot;pdfp1&quot;,&quot;file&quot;:&quot;https:\\\/\\\/innovalia.org\\\/wp-content\\\/uploads\\\/2023\\\/10\\\/innovalia-association-privacy-policy.pdf&quot;,&quot;title&quot;:&quot;Privacy policy&quot;,&quot;height&quot;:&quot;842px&quot;,&quot;width&quot;:&quot;100%&quot;,&quot;print&quot;:false,&quot;fullscreenButton&quot;:&quot;1&quot;,&quot;newWindow&quot;:false,&quot;showName&quot;:false,&quot;downloadButton&quot;:false,&quot;downloadButtonText&quot;:&quot;Download File&quot;,&quot;protect&quot;:false,&quot;onlyPDF&quot;:false,&quot;defaultBrowser&quot;:false,&quot;thumbMenu&quot;:false,&quot;initialPage&quot;:0,&quot;sidebarOpen&quot;:false,&quot;lastVersion&quot;:false,&quot;hrScroll&quot;:0,&quot;alert&quot;:true,&quot;btnStyles&quot;:{&quot;background&quot;:&quot;#1e73be&quot;,&quot;color&quot;:&quot;#fff&quot;,&quot;fontSize&quot;:&quot;1rem&quot;,&quot;padding&quot;:{&quot;top&quot;:10,&quot;right&quot;:20,&quot;bottom&quot;:10,&quot;left&quot;:10}},&quot;popupOptions&quot;:{&quot;enabled&quot;:0,&quot;text&quot;:&quot;Open PDF&quot;,&quot;triggerType&quot;:&quot;button&quot;,&quot;image&quot;:&quot;&quot;,&quot;imageHeight&quot;:&quot;200px&quot;,&quot;imageWidth&quot;:&quot;300px&quot;,&quot;imagePdfIcon&quot;:true,&quot;triggerAlignment&quot;:&quot;center&quot;,&quot;btnStyle&quot;:{&quot;background&quot;:&quot;#1e73be&quot;,&quot;color&quot;:&quot;#fff&quot;,&quot;fontSize&quot;:&quot;1rem&quot;,&quot;padding&quot;:{&quot;top&quot;:10,&quot;right&quot;:20,&quot;bottom&quot;:10,&quot;left&quot;:10}}},&quot;actionsPosition&quot;:&quot;top&quot;,&quot;socialShare&quot;:{&quot;enabled&quot;:false,&quot;facebook&quot;:false,&quot;twitter&quot;:false,&quot;linkedin&quot;:false,&quot;pinterest&quot;:false,&quot;position&quot;:&quot;top&quot;},&quot;adobeEmbedder&quot;:false,&quot;align&quot;:&quot;none&quot;,&quot;alignment&quot;:&quot;left&quot;,&quot;titleFontSize&quot;:&quot;16px&quot;,&quot;fullscreenButtonText&quot;:&quot;View Fullscreen&quot;,&quot;isHideRightToolbar&quot;:false,&quot;additional&quot;:{&quot;ID&quot;:&quot;&quot;,&quot;Class&quot;:&quot;&quot;,&quot;CSS&quot;:&quot;&quot;},&quot;adobeOptions&quot;:{&quot;showDownloadPDF&quot;:true,&quot;showPrintPDF&quot;:true,&quot;showAnnotationTools&quot;:true,&quot;showFullScreen&quot;:false,&quot;embedMode&quot;:&quot;SIZED_CONTAINER&quot;},&quot;popupBtnStyle&quot;:{&quot;background&quot;:&quot;#2271b1&quot;,&quot;color&quot;:&quot;#fff&quot;,&quot;padding&quot;:{&quot;top&quot;:10,&quot;right&quot;:20,&quot;bottom&quot;:10,&quot;left&quot;:10}},&quot;popupBtnText&quot;:&quot;Open Document&quot;,&quot;CSS&quot;:&quot;&quot;,&quot;isPremium&quot;:false}'\n    style=\"text-align: left\">\n    \n        <iframe loading=\"lazy\" title=\"Privacy policy\" style=\"border:0;\" width=\"100%\" height=\"800px\" class=\"pdfp_unsupported_frame\" src=\"\/\/docs.google.com\/gview?embedded=true&url=https:\/\/innovalia.org\/wp-content\/uploads\/2023\/10\/innovalia-association-privacy-policy.pdf\"><\/iframe>\n\n    <\/div>\n\n","protected":false},"excerpt":{"rendered":"","protected":false},"author":1,"featured_media":0,"parent":0,"menu_order":0,"comment_status":"closed","ping_status":"closed","template":"","meta":{"footnotes":""},"class_list":["post-19040","page","type-page","status-publish","hentry"],"yoast_head":"<!-- This site is optimized with the Yoast SEO plugin v27.4 - https:\/\/yoast.com\/product\/yoast-seo-wordpress\/ -->\n<title>Privacy policy - Innovalia Association<\/title>\n<meta name=\"robots\" content=\"index, follow, max-snippet:-1, max-image-preview:large, max-video-preview:-1\" \/>\n<link rel=\"canonical\" href=\"https:\/\/innovalia.org\/en\/privacy-policy\/\" \/>\n<meta property=\"og:locale\" content=\"en_US\" \/>\n<meta property=\"og:type\" content=\"article\" \/>\n<meta property=\"og:title\" content=\"Privacy policy - Innovalia Association\" \/>\n<meta property=\"og:url\" content=\"https:\/\/innovalia.org\/en\/privacy-policy\/\" \/>\n<meta property=\"og:site_name\" content=\"Innovalia Association\" \/>\n<meta property=\"article:modified_time\" content=\"2023-10-25T09:10:32+00:00\" \/>\n<meta name=\"twitter:card\" content=\"summary_large_image\" \/>\n<meta name=\"twitter:site\" content=\"@Innovalia_group\" \/>\n<meta name=\"twitter:label1\" content=\"Est. reading time\" \/>\n\t<meta name=\"twitter:data1\" content=\"1 minute\" \/>\n<script type=\"application\/ld+json\" class=\"yoast-schema-graph\">{\"@context\":\"https:\\\/\\\/schema.org\",\"@graph\":[{\"@type\":\"WebPage\",\"@id\":\"https:\\\/\\\/innovalia.org\\\/en\\\/privacy-policy\\\/\",\"url\":\"https:\\\/\\\/innovalia.org\\\/en\\\/privacy-policy\\\/\",\"name\":\"Privacy policy - Innovalia Association\",\"isPartOf\":{\"@id\":\"https:\\\/\\\/innovalia.org\\\/#website\"},\"datePublished\":\"2016-05-02T11:07:05+00:00\",\"dateModified\":\"2023-10-25T09:10:32+00:00\",\"breadcrumb\":{\"@id\":\"https:\\\/\\\/innovalia.org\\\/en\\\/privacy-policy\\\/#breadcrumb\"},\"inLanguage\":\"en-US\",\"potentialAction\":[{\"@type\":\"ReadAction\",\"target\":[\"https:\\\/\\\/innovalia.org\\\/en\\\/privacy-policy\\\/\"]}]},{\"@type\":\"BreadcrumbList\",\"@id\":\"https:\\\/\\\/innovalia.org\\\/en\\\/privacy-policy\\\/#breadcrumb\",\"itemListElement\":[{\"@type\":\"ListItem\",\"position\":1,\"name\":\"Portada\",\"item\":\"https:\\\/\\\/innovalia.org\\\/en\\\/\"},{\"@type\":\"ListItem\",\"position\":2,\"name\":\"Privacy policy\"}]},{\"@type\":\"WebSite\",\"@id\":\"https:\\\/\\\/innovalia.org\\\/#website\",\"url\":\"https:\\\/\\\/innovalia.org\\\/\",\"name\":\"Innovalia Association\",\"description\":\"La Asociaci\u00f3n Innovalia es un Centro Tecnol\u00f3gico privado e independiente que tiene como principal prop\u00f3sito fomentar la innovaci\u00f3n tecnol\u00f3gica en las peque\u00f1as y medianas empresas.\",\"publisher\":{\"@id\":\"https:\\\/\\\/innovalia.org\\\/#organization\"},\"potentialAction\":[{\"@type\":\"SearchAction\",\"target\":{\"@type\":\"EntryPoint\",\"urlTemplate\":\"https:\\\/\\\/innovalia.org\\\/?s={search_term_string}\"},\"query-input\":{\"@type\":\"PropertyValueSpecification\",\"valueRequired\":true,\"valueName\":\"search_term_string\"}}],\"inLanguage\":\"en-US\"},{\"@type\":\"Organization\",\"@id\":\"https:\\\/\\\/innovalia.org\\\/#organization\",\"name\":\"Innovalia\",\"url\":\"https:\\\/\\\/innovalia.org\\\/\",\"logo\":{\"@type\":\"ImageObject\",\"inLanguage\":\"en-US\",\"@id\":\"https:\\\/\\\/innovalia.org\\\/#\\\/schema\\\/logo\\\/image\\\/\",\"url\":\"https:\\\/\\\/innovalia.org\\\/wp-content\\\/uploads\\\/2016\\\/04\\\/logo-asociacion-innovalia-1.png\",\"contentUrl\":\"https:\\\/\\\/innovalia.org\\\/wp-content\\\/uploads\\\/2016\\\/04\\\/logo-asociacion-innovalia-1.png\",\"width\":220,\"height\":73,\"caption\":\"Innovalia\"},\"image\":{\"@id\":\"https:\\\/\\\/innovalia.org\\\/#\\\/schema\\\/logo\\\/image\\\/\"},\"sameAs\":[\"https:\\\/\\\/x.com\\\/Innovalia_group\",\"https:\\\/\\\/www.youtube.com\\\/user\\\/innovalia\"]}]}<\/script>\n<!-- \/ Yoast SEO plugin. -->","yoast_head_json":{"title":"Privacy policy - Innovalia Association","robots":{"index":"index","follow":"follow","max-snippet":"max-snippet:-1","max-image-preview":"max-image-preview:large","max-video-preview":"max-video-preview:-1"},"canonical":"https:\/\/innovalia.org\/en\/privacy-policy\/","og_locale":"en_US","og_type":"article","og_title":"Privacy policy - Innovalia Association","og_url":"https:\/\/innovalia.org\/en\/privacy-policy\/","og_site_name":"Innovalia Association","article_modified_time":"2023-10-25T09:10:32+00:00","twitter_card":"summary_large_image","twitter_site":"@Innovalia_group","twitter_misc":{"Est. reading time":"1 minute"},"schema":{"@context":"https:\/\/schema.org","@graph":[{"@type":"WebPage","@id":"https:\/\/innovalia.org\/en\/privacy-policy\/","url":"https:\/\/innovalia.org\/en\/privacy-policy\/","name":"Privacy policy - Innovalia Association","isPartOf":{"@id":"https:\/\/innovalia.org\/#website"},"datePublished":"2016-05-02T11:07:05+00:00","dateModified":"2023-10-25T09:10:32+00:00","breadcrumb":{"@id":"https:\/\/innovalia.org\/en\/privacy-policy\/#breadcrumb"},"inLanguage":"en-US","potentialAction":[{"@type":"ReadAction","target":["https:\/\/innovalia.org\/en\/privacy-policy\/"]}]},{"@type":"BreadcrumbList","@id":"https:\/\/innovalia.org\/en\/privacy-policy\/#breadcrumb","itemListElement":[{"@type":"ListItem","position":1,"name":"Portada","item":"https:\/\/innovalia.org\/en\/"},{"@type":"ListItem","position":2,"name":"Privacy policy"}]},{"@type":"WebSite","@id":"https:\/\/innovalia.org\/#website","url":"https:\/\/innovalia.org\/","name":"Innovalia Association","description":"La Asociaci\u00f3n Innovalia es un Centro Tecnol\u00f3gico privado e independiente que tiene como principal prop\u00f3sito fomentar la innovaci\u00f3n tecnol\u00f3gica en las peque\u00f1as y medianas empresas.","publisher":{"@id":"https:\/\/innovalia.org\/#organization"},"potentialAction":[{"@type":"SearchAction","target":{"@type":"EntryPoint","urlTemplate":"https:\/\/innovalia.org\/?s={search_term_string}"},"query-input":{"@type":"PropertyValueSpecification","valueRequired":true,"valueName":"search_term_string"}}],"inLanguage":"en-US"},{"@type":"Organization","@id":"https:\/\/innovalia.org\/#organization","name":"Innovalia","url":"https:\/\/innovalia.org\/","logo":{"@type":"ImageObject","inLanguage":"en-US","@id":"https:\/\/innovalia.org\/#\/schema\/logo\/image\/","url":"https:\/\/innovalia.org\/wp-content\/uploads\/2016\/04\/logo-asociacion-innovalia-1.png","contentUrl":"https:\/\/innovalia.org\/wp-content\/uploads\/2016\/04\/logo-asociacion-innovalia-1.png","width":220,"height":73,"caption":"Innovalia"},"image":{"@id":"https:\/\/innovalia.org\/#\/schema\/logo\/image\/"},"sameAs":["https:\/\/x.com\/Innovalia_group","https:\/\/www.youtube.com\/user\/innovalia"]}]}},"_links":{"self":[{"href":"https:\/\/innovalia.org\/en\/wp-json\/wp\/v2\/pages\/19040","targetHints":{"allow":["GET"]}}],"collection":[{"href":"https:\/\/innovalia.org\/en\/wp-json\/wp\/v2\/pages"}],"about":[{"href":"https:\/\/innovalia.org\/en\/wp-json\/wp\/v2\/types\/page"}],"author":[{"embeddable":true,"href":"https:\/\/innovalia.org\/en\/wp-json\/wp\/v2\/users\/1"}],"replies":[{"embeddable":true,"href":"https:\/\/innovalia.org\/en\/wp-json\/wp\/v2\/comments?post=19040"}],"version-history":[{"count":6,"href":"https:\/\/innovalia.org\/en\/wp-json\/wp\/v2\/pages\/19040\/revisions"}],"predecessor-version":[{"id":19049,"href":"https:\/\/innovalia.org\/en\/wp-json\/wp\/v2\/pages\/19040\/revisions\/19049"}],"wp:attachment":[{"href":"https:\/\/innovalia.org\/en\/wp-json\/wp\/v2\/media?parent=19040"}],"curies":[{"name":"wp","href":"https:\/\/api.w.org\/{rel}","templated":true}]}}