{"id":19105,"date":"2024-02-15T12:11:51","date_gmt":"2024-02-15T12:11:51","guid":{"rendered":"https:\/\/innovalia.org\/inscripcion-cyberplus\/"},"modified":"2024-02-15T12:20:57","modified_gmt":"2024-02-15T12:20:57","slug":"ciberplus-inscription","status":"publish","type":"page","link":"https:\/\/innovalia.org\/en\/ciberplus-inscription\/","title":{"rendered":"Ciberplus inscription"},"content":{"rendered":"<div class=\"wpb-content-wrapper\"><p>[vc_row content_placement=&#8221;top&#8221;][vc_column width=&#8221;1\/4&#8243;][\/vc_column][vc_column width=&#8221;1\/2&#8243;]\n<div class=\"wpcf7 no-js\" id=\"wpcf7-f19099-o1\" lang=\"es-ES\" dir=\"ltr\" data-wpcf7-id=\"19099\">\n<div class=\"screen-reader-response\"><p role=\"status\" aria-live=\"polite\" aria-atomic=\"true\"><\/p> <ul><\/ul><\/div>\n<form action=\"\/en\/wp-json\/wp\/v2\/pages\/19105#wpcf7-f19099-o1\" method=\"post\" class=\"wpcf7-form init\" aria-label=\"Formulario de contacto\" novalidate=\"novalidate\" data-status=\"init\">\n<fieldset class=\"hidden-fields-container\"><input type=\"hidden\" name=\"_wpcf7\" value=\"19099\" \/><input type=\"hidden\" name=\"_wpcf7_version\" value=\"6.1.5\" \/><input type=\"hidden\" name=\"_wpcf7_locale\" value=\"es_ES\" \/><input type=\"hidden\" name=\"_wpcf7_unit_tag\" value=\"wpcf7-f19099-o1\" \/><input type=\"hidden\" name=\"_wpcf7_container_post\" value=\"0\" \/><input type=\"hidden\" name=\"_wpcf7_posted_data_hash\" value=\"\" \/><input type=\"hidden\" name=\"_wpcf7_recaptcha_response\" value=\"\" \/>\n<\/fieldset>\n<p><label> Name<br \/>\n<span class=\"wpcf7-form-control-wrap\" data-name=\"nombre\"><input size=\"40\" maxlength=\"400\" class=\"wpcf7-form-control wpcf7-text wpcf7-validates-as-required\" autocomplete=\"name\" aria-required=\"true\" aria-invalid=\"false\" value=\"\" type=\"text\" name=\"nombre\" \/><\/span> <\/label>\n<\/p>\n<p><label> Last Name<br \/>\n<span class=\"wpcf7-form-control-wrap\" data-name=\"apellido\"><input size=\"40\" maxlength=\"400\" class=\"wpcf7-form-control wpcf7-text wpcf7-validates-as-required\" autocomplete=\"name\" aria-required=\"true\" aria-invalid=\"false\" value=\"\" type=\"text\" name=\"apellido\" \/><\/span> <\/label>\n<\/p>\n<p><label> Phone Number<br \/>\n<span class=\"wpcf7-form-control-wrap\" data-name=\"telefono\"><input size=\"40\" maxlength=\"400\" class=\"wpcf7-form-control wpcf7-tel wpcf7-validates-as-required wpcf7-text wpcf7-validates-as-tel\" aria-required=\"true\" aria-invalid=\"false\" value=\"\" type=\"tel\" name=\"telefono\" \/><\/span> <\/label>\n<\/p>\n<p><label> email<br \/>\n<span class=\"wpcf7-form-control-wrap\" data-name=\"email\"><input size=\"40\" maxlength=\"400\" class=\"wpcf7-form-control wpcf7-email wpcf7-validates-as-required wpcf7-text wpcf7-validates-as-email\" autocomplete=\"email\" aria-required=\"true\" aria-invalid=\"false\" value=\"\" type=\"email\" name=\"email\" \/><\/span> <\/label>\n<\/p>\n<p><span class=\"wpcf7-form-control-wrap\" data-name=\"tenerife\"><span class=\"wpcf7-form-control wpcf7-acceptance optional\"><span class=\"wpcf7-list-item\"><label><input type=\"checkbox\" name=\"tenerife\" value=\"1\" aria-invalid=\"false\" \/><span class=\"wpcf7-list-item-label\">I'm a resident or I'm active on Tenerife<\/span><\/label><\/span><\/span><\/span><br \/>\n<span class=\"wpcf7-form-control-wrap\" data-name=\"politicas\"><span class=\"wpcf7-form-control wpcf7-acceptance\"><span class=\"wpcf7-list-item\"><label><input type=\"checkbox\" name=\"politicas\" value=\"1\" aria-invalid=\"false\" \/><span class=\"wpcf7-list-item-label\">I have read and accept the <a href=\"https:\/\/innovalia.org\/wp-content\/uploads\/2023\/10\/innovalia-association-privacy-policy.pdf\" target=\"_blank\" rel=\"noopener noreferrer\">privacy policies<\/a><\/span><\/label><\/span><\/span><\/span><br \/>\n<input class=\"wpcf7-form-control wpcf7-submit has-spinner\" type=\"submit\" value=\"Enviar\" \/>\n<\/p><div class=\"wpcf7-response-output\" aria-hidden=\"true\"><\/div>\n<\/form>\n<\/div>\n[\/vc_column][vc_column width=&#8221;1\/4&#8243;][\/vc_column][\/vc_row]<\/p>\n<\/div>","protected":false},"excerpt":{"rendered":"<p>[vc_row content_placement=&#8221;top&#8221;][vc_column width=&#8221;1\/4&#8243;][\/vc_column][vc_column width=&#8221;1\/2&#8243;][\/vc_column][vc_column width=&#8221;1\/4&#8243;][\/vc_column][\/vc_row]<\/p>\n","protected":false},"author":1,"featured_media":0,"parent":0,"menu_order":0,"comment_status":"closed","ping_status":"closed","template":"","meta":{"footnotes":""},"class_list":["post-19105","page","type-page","status-publish","hentry"],"yoast_head":"<!-- This site is optimized with the Yoast SEO plugin v27.4 - https:\/\/yoast.com\/product\/yoast-seo-wordpress\/ -->\n<title>Ciberplus inscription - Innovalia Association<\/title>\n<meta name=\"robots\" content=\"noindex, follow\" \/>\n<meta property=\"og:locale\" content=\"en_US\" \/>\n<meta property=\"og:type\" content=\"article\" \/>\n<meta property=\"og:title\" content=\"Ciberplus inscription - Innovalia Association\" \/>\n<meta property=\"og:description\" content=\"[vc_row content_placement=&#8221;top&#8221;][vc_column width=&#8221;1\/4&#8243;][\/vc_column][vc_column width=&#8221;1\/2&#8243;][\/vc_column][vc_column width=&#8221;1\/4&#8243;][\/vc_column][\/vc_row]\" \/>\n<meta property=\"og:url\" content=\"https:\/\/innovalia.org\/en\/ciberplus-inscription\/\" \/>\n<meta property=\"og:site_name\" content=\"Innovalia Association\" \/>\n<meta property=\"article:modified_time\" content=\"2024-02-15T12:20:57+00:00\" \/>\n<meta name=\"twitter:card\" content=\"summary_large_image\" \/>\n<meta name=\"twitter:site\" content=\"@Innovalia_group\" \/>\n<meta name=\"twitter:label1\" content=\"Est. reading time\" \/>\n\t<meta name=\"twitter:data1\" content=\"1 minute\" \/>\n<script type=\"application\/ld+json\" class=\"yoast-schema-graph\">{\"@context\":\"https:\\\/\\\/schema.org\",\"@graph\":[{\"@type\":\"WebPage\",\"@id\":\"https:\\\/\\\/innovalia.org\\\/en\\\/ciberplus-inscription\\\/\",\"url\":\"https:\\\/\\\/innovalia.org\\\/en\\\/ciberplus-inscription\\\/\",\"name\":\"Ciberplus inscription - Innovalia Association\",\"isPartOf\":{\"@id\":\"https:\\\/\\\/innovalia.org\\\/#website\"},\"datePublished\":\"2024-02-15T12:11:51+00:00\",\"dateModified\":\"2024-02-15T12:20:57+00:00\",\"breadcrumb\":{\"@id\":\"https:\\\/\\\/innovalia.org\\\/en\\\/ciberplus-inscription\\\/#breadcrumb\"},\"inLanguage\":\"en-US\",\"potentialAction\":[{\"@type\":\"ReadAction\",\"target\":[\"https:\\\/\\\/innovalia.org\\\/en\\\/ciberplus-inscription\\\/\"]}]},{\"@type\":\"BreadcrumbList\",\"@id\":\"https:\\\/\\\/innovalia.org\\\/en\\\/ciberplus-inscription\\\/#breadcrumb\",\"itemListElement\":[{\"@type\":\"ListItem\",\"position\":1,\"name\":\"Portada\",\"item\":\"https:\\\/\\\/innovalia.org\\\/en\\\/\"},{\"@type\":\"ListItem\",\"position\":2,\"name\":\"Ciberplus inscription\"}]},{\"@type\":\"WebSite\",\"@id\":\"https:\\\/\\\/innovalia.org\\\/#website\",\"url\":\"https:\\\/\\\/innovalia.org\\\/\",\"name\":\"Innovalia Association\",\"description\":\"La Asociaci\u00f3n Innovalia es un Centro Tecnol\u00f3gico privado e independiente que tiene como principal prop\u00f3sito fomentar la innovaci\u00f3n tecnol\u00f3gica en las peque\u00f1as y medianas empresas.\",\"publisher\":{\"@id\":\"https:\\\/\\\/innovalia.org\\\/#organization\"},\"potentialAction\":[{\"@type\":\"SearchAction\",\"target\":{\"@type\":\"EntryPoint\",\"urlTemplate\":\"https:\\\/\\\/innovalia.org\\\/?s={search_term_string}\"},\"query-input\":{\"@type\":\"PropertyValueSpecification\",\"valueRequired\":true,\"valueName\":\"search_term_string\"}}],\"inLanguage\":\"en-US\"},{\"@type\":\"Organization\",\"@id\":\"https:\\\/\\\/innovalia.org\\\/#organization\",\"name\":\"Innovalia\",\"url\":\"https:\\\/\\\/innovalia.org\\\/\",\"logo\":{\"@type\":\"ImageObject\",\"inLanguage\":\"en-US\",\"@id\":\"https:\\\/\\\/innovalia.org\\\/#\\\/schema\\\/logo\\\/image\\\/\",\"url\":\"https:\\\/\\\/innovalia.org\\\/wp-content\\\/uploads\\\/2016\\\/04\\\/logo-asociacion-innovalia-1.png\",\"contentUrl\":\"https:\\\/\\\/innovalia.org\\\/wp-content\\\/uploads\\\/2016\\\/04\\\/logo-asociacion-innovalia-1.png\",\"width\":220,\"height\":73,\"caption\":\"Innovalia\"},\"image\":{\"@id\":\"https:\\\/\\\/innovalia.org\\\/#\\\/schema\\\/logo\\\/image\\\/\"},\"sameAs\":[\"https:\\\/\\\/x.com\\\/Innovalia_group\",\"https:\\\/\\\/www.youtube.com\\\/user\\\/innovalia\"]}]}<\/script>\n<!-- \/ Yoast SEO plugin. -->","yoast_head_json":{"title":"Ciberplus inscription - Innovalia Association","robots":{"index":"noindex","follow":"follow"},"og_locale":"en_US","og_type":"article","og_title":"Ciberplus inscription - Innovalia Association","og_description":"[vc_row content_placement=&#8221;top&#8221;][vc_column width=&#8221;1\/4&#8243;][\/vc_column][vc_column width=&#8221;1\/2&#8243;][\/vc_column][vc_column width=&#8221;1\/4&#8243;][\/vc_column][\/vc_row]","og_url":"https:\/\/innovalia.org\/en\/ciberplus-inscription\/","og_site_name":"Innovalia Association","article_modified_time":"2024-02-15T12:20:57+00:00","twitter_card":"summary_large_image","twitter_site":"@Innovalia_group","twitter_misc":{"Est. reading time":"1 minute"},"schema":{"@context":"https:\/\/schema.org","@graph":[{"@type":"WebPage","@id":"https:\/\/innovalia.org\/en\/ciberplus-inscription\/","url":"https:\/\/innovalia.org\/en\/ciberplus-inscription\/","name":"Ciberplus inscription - Innovalia Association","isPartOf":{"@id":"https:\/\/innovalia.org\/#website"},"datePublished":"2024-02-15T12:11:51+00:00","dateModified":"2024-02-15T12:20:57+00:00","breadcrumb":{"@id":"https:\/\/innovalia.org\/en\/ciberplus-inscription\/#breadcrumb"},"inLanguage":"en-US","potentialAction":[{"@type":"ReadAction","target":["https:\/\/innovalia.org\/en\/ciberplus-inscription\/"]}]},{"@type":"BreadcrumbList","@id":"https:\/\/innovalia.org\/en\/ciberplus-inscription\/#breadcrumb","itemListElement":[{"@type":"ListItem","position":1,"name":"Portada","item":"https:\/\/innovalia.org\/en\/"},{"@type":"ListItem","position":2,"name":"Ciberplus inscription"}]},{"@type":"WebSite","@id":"https:\/\/innovalia.org\/#website","url":"https:\/\/innovalia.org\/","name":"Innovalia Association","description":"La Asociaci\u00f3n Innovalia es un Centro Tecnol\u00f3gico privado e independiente que tiene como principal prop\u00f3sito fomentar la innovaci\u00f3n tecnol\u00f3gica en las peque\u00f1as y medianas empresas.","publisher":{"@id":"https:\/\/innovalia.org\/#organization"},"potentialAction":[{"@type":"SearchAction","target":{"@type":"EntryPoint","urlTemplate":"https:\/\/innovalia.org\/?s={search_term_string}"},"query-input":{"@type":"PropertyValueSpecification","valueRequired":true,"valueName":"search_term_string"}}],"inLanguage":"en-US"},{"@type":"Organization","@id":"https:\/\/innovalia.org\/#organization","name":"Innovalia","url":"https:\/\/innovalia.org\/","logo":{"@type":"ImageObject","inLanguage":"en-US","@id":"https:\/\/innovalia.org\/#\/schema\/logo\/image\/","url":"https:\/\/innovalia.org\/wp-content\/uploads\/2016\/04\/logo-asociacion-innovalia-1.png","contentUrl":"https:\/\/innovalia.org\/wp-content\/uploads\/2016\/04\/logo-asociacion-innovalia-1.png","width":220,"height":73,"caption":"Innovalia"},"image":{"@id":"https:\/\/innovalia.org\/#\/schema\/logo\/image\/"},"sameAs":["https:\/\/x.com\/Innovalia_group","https:\/\/www.youtube.com\/user\/innovalia"]}]}},"_links":{"self":[{"href":"https:\/\/innovalia.org\/en\/wp-json\/wp\/v2\/pages\/19105","targetHints":{"allow":["GET"]}}],"collection":[{"href":"https:\/\/innovalia.org\/en\/wp-json\/wp\/v2\/pages"}],"about":[{"href":"https:\/\/innovalia.org\/en\/wp-json\/wp\/v2\/types\/page"}],"author":[{"embeddable":true,"href":"https:\/\/innovalia.org\/en\/wp-json\/wp\/v2\/users\/1"}],"replies":[{"embeddable":true,"href":"https:\/\/innovalia.org\/en\/wp-json\/wp\/v2\/comments?post=19105"}],"version-history":[{"count":2,"href":"https:\/\/innovalia.org\/en\/wp-json\/wp\/v2\/pages\/19105\/revisions"}],"predecessor-version":[{"id":19108,"href":"https:\/\/innovalia.org\/en\/wp-json\/wp\/v2\/pages\/19105\/revisions\/19108"}],"wp:attachment":[{"href":"https:\/\/innovalia.org\/en\/wp-json\/wp\/v2\/media?parent=19105"}],"curies":[{"name":"wp","href":"https:\/\/api.w.org\/{rel}","templated":true}]}}